{"id":108,"date":"2015-07-24T13:32:19","date_gmt":"2015-07-24T11:32:19","guid":{"rendered":"http:\/\/marktplatz-rabenberg.de\/?page_id=108"},"modified":"2026-02-12T12:14:10","modified_gmt":"2026-02-12T10:14:10","slug":"buecher-mit-erfahrung-suchen-ein-neues-zuhause","status":"publish","type":"page","link":"http:\/\/marktplatz-rabenberg.de\/?page_id=108","title":{"rendered":"B\u00fccher mit Erfahrung suchen ein neues Zuhause"},"content":{"rendered":"<div id=\"attachment_110\" style=\"width: 235px\" class=\"wp-caption alignright\"><a href=\"http:\/\/marktplatz-rabenberg.de\/wp-content\/uploads\/Antiquariat.jpg\"  ><img aria-describedby=\"caption-attachment-110\" decoding=\"async\" loading=\"lazy\" class=\"size-medium wp-image-110\" src=\"http:\/\/marktplatz-rabenberg.de\/wp-content\/uploads\/Antiquariat-225x300.jpg\" alt=\"Antiquariat Aalto libri\" width=\"225\" height=\"300\" srcset=\"http:\/\/marktplatz-rabenberg.de\/wp-content\/uploads\/Antiquariat-225x300.jpg 225w, http:\/\/marktplatz-rabenberg.de\/wp-content\/uploads\/Antiquariat.jpg 386w\" sizes=\"(max-width: 225px) 100vw, 225px\" \/><\/a><p id=\"caption-attachment-110\" class=\"wp-caption-text\">Antiquariat Aalto libri<\/p><\/div>\n<p>Das einzig Best\u00e4ndige im Leben ist die Ver\u00e4nderung. So m\u00fcssen auch unsere B\u00fccher wandern, wenn Sie eines Tages an Ort und Stelle nicht mehr ben\u00f6tigt werden. Das passiert B\u00fcchern aus Privathaushalten genauso wie B\u00fcchern aus unserer Bibliothek. Viele von Ihnen warten im Antiquariat Aalto libri der Stadtbibliothek Wolfsburg f\u00fcr wenig Geld auf neue liebevolle Leser.<\/p>\n<p>Dort finden Sie Alles, was das Herz begehrt. Das Angebot umfa\u00dft Romane, Reisef\u00fchrer, Ratgeber und Fachliteratur verschiedenster Themen und Kinderb\u00fccher; aber auch Tontr\u00e4ger. Hier ist echtes Fachwissen greifbar, z.B. aus den Bereichen Biologie, Medizin, Chemie, Physik, Astronomie, Technik, EDV, Wirtschaft, Politik, Psychologie, Religion, Musik, Geografie, Geschichte, Garten, Kochen&amp;Backen, Haustiere etc.<\/p>\n<p>Die ehrenamtlichen Mitarbeiter helfen Ihnen gern dabei, Ihr neues Buch zu finden. Die pers\u00f6nliche Entdeckungsreise in die Tiefen des Bestandes m\u00fcssen Sie jedoch selbst unternehmen. Ob ein bestimmtes Buch vorhanden ist? Finden Sie es heraus! Vielleicht wartet eine noch bessere Alternative auf Sie. Wer wei\u00df&#8230;.<\/p>\n<p>Die Erl\u00f6se werden zur Neubeschaffung aktueller Medien verwendet. Sie f\u00f6rdern auf diese Weise zus\u00e4tzlich die Aktualit\u00e4t der Bibliothek.<\/p>\n<p>Ge\u00f6ffnet hat das Antiquariat<\/p>\n<table>\n<tbody>\n<tr>\n<td>Montag<\/td>\n<td>10.00 bis 17.30 Uhr<\/td>\n<\/tr>\n<tr>\n<td>Dienstag<\/td>\n<td>10.00 bis 17.30 Uhr<\/td>\n<\/tr>\n<tr>\n<td>Mittwoch<\/td>\n<td>10.00 bis 13.00 Uhr<\/td>\n<\/tr>\n<tr>\n<td>Donnerstag<\/td>\n<td>10.00 bis 17.30 Uhr<\/td>\n<\/tr>\n<tr>\n<td>Freitag<\/td>\n<td>10.00 bis 17.30 Uhr<\/td>\n<\/tr>\n<tr>\n<td>Samstag<\/td>\n<td>10.00 bis 13.00 Uhr<\/td>\n<\/tr>\n<tr>\n<td>Sonntag<\/td>\n<td>GESCHLOSSEN<\/td>\n<\/tr>\n<\/tbody>\n<\/table>\n<p>Antiquariat Aalto Libri, Porschestra\u00dfe 51, 38440 Wolfsburg, Tel (05361) 28-2487<\/p>\n","protected":false},"excerpt":{"rendered":"<p>Das einzig Best\u00e4ndige im Leben ist die Ver\u00e4nderung. So m\u00fcssen auch unsere B\u00fccher wandern, wenn Sie eines Tages an Ort und Stelle nicht mehr ben\u00f6tigt werden. Das passiert B\u00fcchern aus Privathaushalten genauso wie B\u00fcchern aus unserer Bibliothek. Viele von Ihnen warten im Antiquariat Aalto libri der Stadtbibliothek Wolfsburg f\u00fcr wenig Geld auf neue liebevolle Leser. [&hellip;]<\/p>\n","protected":false},"author":2,"featured_media":0,"parent":113,"menu_order":0,"comment_status":"closed","ping_status":"closed","template":"","meta":[],"_links":{"self":[{"href":"http:\/\/marktplatz-rabenberg.de\/index.php?rest_route=\/wp\/v2\/pages\/108"}],"collection":[{"href":"http:\/\/marktplatz-rabenberg.de\/index.php?rest_route=\/wp\/v2\/pages"}],"about":[{"href":"http:\/\/marktplatz-rabenberg.de\/index.php?rest_route=\/wp\/v2\/types\/page"}],"author":[{"embeddable":true,"href":"http:\/\/marktplatz-rabenberg.de\/index.php?rest_route=\/wp\/v2\/users\/2"}],"replies":[{"embeddable":true,"href":"http:\/\/marktplatz-rabenberg.de\/index.php?rest_route=%2Fwp%2Fv2%2Fcomments&post=108"}],"version-history":[{"count":13,"href":"http:\/\/marktplatz-rabenberg.de\/index.php?rest_route=\/wp\/v2\/pages\/108\/revisions"}],"predecessor-version":[{"id":628,"href":"http:\/\/marktplatz-rabenberg.de\/index.php?rest_route=\/wp\/v2\/pages\/108\/revisions\/628"}],"up":[{"embeddable":true,"href":"http:\/\/marktplatz-rabenberg.de\/index.php?rest_route=\/wp\/v2\/pages\/113"}],"wp:attachment":[{"href":"http:\/\/marktplatz-rabenberg.de\/index.php?rest_route=%2Fwp%2Fv2%2Fmedia&parent=108"}],"curies":[{"name":"wp","href":"https:\/\/api.w.org\/{rel}","templated":true}]}}