{"id":170,"date":"2016-01-24T14:03:25","date_gmt":"2016-01-24T12:03:25","guid":{"rendered":"http:\/\/marktplatz-rabenberg.de\/?page_id=170"},"modified":"2016-01-24T14:19:51","modified_gmt":"2016-01-24T12:19:51","slug":"stadtteilzentren-neuordnung","status":"publish","type":"page","link":"http:\/\/marktplatz-rabenberg.de\/?page_id=170","title":{"rendered":"Stadtteilzentren-Neuordnung"},"content":{"rendered":"<p>Die Supermarkt-Ketten w\u00fcnschen sich immer gr\u00f6\u00dfere Verkaufsfl\u00e4chen um auch in Zukunft profitabel arbeiten zu k\u00f6nnen. Der gute alte Tante-Emma-Laden ist l\u00e4ngst die gro\u00dfe Ausnahme geworden. Wir sind es mittlerweile gew\u00f6hnt, uns unsere Ware aus einem umfangreichen Sortiment selbst auszuw\u00e4hlen.<\/p>\n<p>Diesem Expansionswunsch kann aus meiner Sicht im Rahmen der vorhandenen Bebauung einzelfallbezogen nur durch punktuelle, intelligent-kreative L\u00f6sungen entsprochen werden. Der einzelstehende Supermarkt-Neubau samt Parkplatz vor der T\u00fcr ist auch in den Augen der Wolfsburger Lokalpolitiker out.<\/p>\n<p>Im Kernstadtbereich von Wolfsburg sollen zur obigen Weiterentwicklung des Einzelhandels als Pilotprojekt das Laagberger Stadtteilzentrum Schlesierweg nebenan neu gebaut werden (&#8222;Neue Quartiersmitte Schlesierweg&#8220;). Danach soll meines Wissens nach der Marktplatz Rabenberg folgen. Daher ist das Projekt Schlesierweg auch f\u00fcr den Rabenberg beispielhaft relevant.<\/p>\n<p>Politik &amp; Verwaltung erkl\u00e4ren ausdr\u00fccklich, die B\u00fcrger in die politischen Entscheidungen direkt mit einbeziehen zu wollen (siehe Bildungshaus und Halberst\u00e4dter Stra\u00dfe in Westhagen). Das Projekt &#8222;Neue Quartiersmitte Schlesierweg&#8220; ist daher am 15.12.2015 um 18.00 Uhr in der Laagbergschule den Anwohnern in einer &#8222;fr\u00fchzeitigen B\u00fcrgerbeteiligung&#8220; vorgestellt worden.<\/p>\n<p>Im Rahmen dieser Veranstaltung habe ich die Frage gestellt, ob die bisherigen Planungen<br \/>\nneben der \u00fcblichen papiergebundenen Auslage im Rathaus zu den \u00d6ffnungszeiten der Verwaltung auch im Internet zur jederzeitigen Einsichtnahme zur Verf\u00fcgung gestellt werden? Dieses wurde eindeutig mit &#8222;JA&#8220; beantwortet. Eine aktuelle Recherche im Internet hat dies nicht wirklich best\u00e4tigt. Weder auf den Seiten der Stadt Wolfsburg, noch auf den Seiten der WMG, noch der Neuland als Planungsbeteiligte und Kooperationspartner finden sich dazu Eintr\u00e4ge. Nur in den <a href=\"https:\/\/www.google.de\/url?sa=t&amp;rct=j&amp;q=&amp;esrc=s&amp;source=web&amp;cd=2&amp;ved=0ahUKEwi0u7O_4qvKAhXEcA8KHb5jClMQFggpMAE&amp;url=http%3A%2F%2Fwolfsburg.de%2F~%2Fmedia%2FWolfsburg%2FStatistik_Daten_Fakten%2FGB06%2FLaagbergNord_Praesentation_Darlegung.ashx%3Fla%3Dde-DE&amp;usg=AFQjCNFhewfyFyNvrDYh9QzH7o9UzsYBZA&amp;bvm=bv.112064104,d.ZWU&amp;cad=rja\"  target=\"_blank\" rel=\"external nofollow\"  target=\"_blank\"  class=\"wp-links-icon\">Datenbest\u00e4nden <\/a>von Google selbst findet sich ein Dokument zu diesem Thema.<\/p>\n<p>Politik &amp; Verwaltung haben damit noch Entwicklungspotential in Sachen B\u00fcrgerbeteiligung. Insbesondere sollten die B\u00fcrger die Planungen intensiv kritisch und konstruktiv begleiten. Mein eigener <a href=\"http:\/\/www.marktplatz-rabenberg.de\/anregungen\/stadtweit\/stadtteilzentren\/schlesierweg.pdf\"  target=\"_blank\"  target=\"_blank\">Vorschlag <\/a>zur Neugestaltung des bisherigen Stadtteilzentrums Schlesierweg hat sich durch die Modernisierung vom Freizeitheim West erledigt. Trotzdem erscheint es mir als Ideenpool weiterhin sinnvoll. Im \u00fcbrigen verweise ich auf das im Rahmen der &#8222;Interessengemeinschaft Marktplatz Rabenberg&#8220; entwickelte <a href=\"http:\/\/www.marktplatz-rabenberg.de\/anregungen\/stadtteil\/konzept\/marktplatz-rabenberg.pdf\"  target=\"_blank\"  target=\"_blank\">Konzept <\/a>f\u00fcr den Marktplatz Rabenberg.<\/p>\n<p>Ich fordere daher alle interessierten B\u00fcrger auf, sich an obigen Planungen mit Anregungen zu beteiligen!<\/p>\n<p>Dieses Dokument ist auch als <a href=\"http:\/\/www.marktplatz-rabenberg.de\/anregungen\/stadtweit\/stadtteilzentren\/stadtteilzentren-neuordnung.pdf\"  target=\"_blank\"  target=\"_blank\">pdf<\/a>-Datei verf\u00fcgbar.<\/p>\n","protected":false},"excerpt":{"rendered":"<p>Die Supermarkt-Ketten w\u00fcnschen sich immer gr\u00f6\u00dfere Verkaufsfl\u00e4chen um auch in Zukunft profitabel arbeiten zu k\u00f6nnen. Der gute alte Tante-Emma-Laden ist l\u00e4ngst die gro\u00dfe Ausnahme geworden. Wir sind es mittlerweile gew\u00f6hnt, uns unsere Ware aus einem umfangreichen Sortiment selbst auszuw\u00e4hlen. Diesem Expansionswunsch kann aus meiner Sicht im Rahmen der vorhandenen Bebauung einzelfallbezogen nur durch punktuelle, intelligent-kreative [&hellip;]<\/p>\n","protected":false},"author":2,"featured_media":0,"parent":55,"menu_order":0,"comment_status":"closed","ping_status":"closed","template":"","meta":[],"_links":{"self":[{"href":"http:\/\/marktplatz-rabenberg.de\/index.php?rest_route=\/wp\/v2\/pages\/170"}],"collection":[{"href":"http:\/\/marktplatz-rabenberg.de\/index.php?rest_route=\/wp\/v2\/pages"}],"about":[{"href":"http:\/\/marktplatz-rabenberg.de\/index.php?rest_route=\/wp\/v2\/types\/page"}],"author":[{"embeddable":true,"href":"http:\/\/marktplatz-rabenberg.de\/index.php?rest_route=\/wp\/v2\/users\/2"}],"replies":[{"embeddable":true,"href":"http:\/\/marktplatz-rabenberg.de\/index.php?rest_route=%2Fwp%2Fv2%2Fcomments&post=170"}],"version-history":[{"count":3,"href":"http:\/\/marktplatz-rabenberg.de\/index.php?rest_route=\/wp\/v2\/pages\/170\/revisions"}],"predecessor-version":[{"id":174,"href":"http:\/\/marktplatz-rabenberg.de\/index.php?rest_route=\/wp\/v2\/pages\/170\/revisions\/174"}],"up":[{"embeddable":true,"href":"http:\/\/marktplatz-rabenberg.de\/index.php?rest_route=\/wp\/v2\/pages\/55"}],"wp:attachment":[{"href":"http:\/\/marktplatz-rabenberg.de\/index.php?rest_route=%2Fwp%2Fv2%2Fmedia&parent=170"}],"curies":[{"name":"wp","href":"https:\/\/api.w.org\/{rel}","templated":true}]}}