{"id":219,"date":"2016-06-18T11:55:09","date_gmt":"2016-06-18T09:55:09","guid":{"rendered":"http:\/\/marktplatz-rabenberg.de\/?page_id=219"},"modified":"2017-11-06T10:55:42","modified_gmt":"2017-11-06T08:55:42","slug":"neues-system-beim-busfahrkartenvorverkauf","status":"publish","type":"page","link":"http:\/\/marktplatz-rabenberg.de\/?page_id=219","title":{"rendered":"Neues System beim Busfahrkartenvorverkauf"},"content":{"rendered":"<p lang=\"zxx\" align=\"justify\"><span style=\"font-family: Arial,sans-serif;\">Wer nur unregelm\u00e4\u00dfig Bus f\u00e4hrt, nutzt traditionell die Streifenkarte. Diese war bisher aus Pappe. Einfach und praktisch in der Handhabung. Seit neuestem bekommt man statt dessen nur noch Papierstreifen ausgeh\u00e4ndigt. Die Entwertung wird daher schwieriger. F\u00fcr die WVG \u00fcberwiegen jedoch die Vorteile diesen Nachteil (siehe <a href=\"http:\/\/www.marktplatz-rabenberg.de\/anregungen\/stadtweit\/wvg-vorverkauf\/systemumstellung.pdf\"  target=\"_blank\"  target=\"_blank\">eMail<\/a>).<br \/>\n<\/span><\/p>\n<p lang=\"zxx\" align=\"justify\"><span style=\"font-family: Arial,sans-serif;\">Schon seit l\u00e4ngerem bekommt man alle Fahrscheine auch beim Busfahrer (inklusive Niedersachsenticket zum Schalterpreis!) in Papierform. Jetzt werden die verbliebenen Vorverkaufsstellen auch auf dieses System umgestellt. Es entf\u00e4llt damit die nachfragegerechte Bevorratung der Fahrscheinbl\u00f6cke. Statt dessen wird genau das ausgedruckt, was gerade gebraucht wird. Die Vorverkaufsstellen m\u00fcssen sich daf\u00fcr mit einem internetgest\u00fctzten elektronischen Vorverkaufssystem anfreunden. Nach Aussage der WVG erwarten Vorverkaufsstellen zunehmend eine elektronische L\u00f6sung. Pers\u00f6nliche, vereinzelte Gespr\u00e4che mit den H\u00e4ndern haben dieses Bild bisher nicht best\u00e4tigt. Danach ist nicht jeder H\u00e4ndler \u00fcber die neue Endabrechnung begeistert. Die Betriebskosten der Ger\u00e4te \u00fcbernimmt angeblich weitgehend die WVG. Die Vertr\u00e4ge liegen mir jedoch nicht vor.<\/span><\/p>\n<p lang=\"zxx\" align=\"justify\"><span style=\"font-family: Arial,sans-serif;\">In der Innenstadt hat WKS den WVG-Vorverkauf eingestellt. Daf\u00fcr sind neue Verkaufsstellen in der Innenstadt in Vorbereitung. Nach erfolgter Umstellung der bestehenden Vorverkaufsstellen bzw. Neueinrichtung in der Innenstadt ist die WVG bestrebt, im restlichen Stadtgebiet neue Vorverkaufsstellen einzurichten. Das wird allerdings seine Zeit brauchen (siehe <a href=\"http:\/\/www.marktplatz-rabenberg.de\/anregungen\/stadtweit\/wvg-vorverkauf\/vorverkaufsstelle rabenberg.pdf\"  target=\"_blank\"  target=\"_blank\">eMail<\/a>).<\/span><\/p>\n<p lang=\"zxx\" align=\"justify\"><span style=\"font-family: Arial,sans-serif;\">In der Praxis bedeutet dies, das Beste daraus zu machen. F\u00fcr das Abstempeln der Busfahrkarten sollte man sich die NOTWENDIGE Zeit einfach nehmen; auch wenn es l\u00e4nger dauert. Die WVG besteht schlie\u00dflich auf Papier. Vielleicht springt daf\u00fcr eine neue Vorverkaufsstelle auf dem Rabenberg heraus&#8230;!?<\/span><\/p>\n<p lang=\"zxx\" align=\"justify\"><span style=\"font-family: Arial,sans-serif;\">Als Blick \u00fcber den Tellerrand noch ein Hinweis:<\/span><\/p>\n<p lang=\"zxx\" align=\"justify\"><span style=\"font-family: Arial,sans-serif;\">In <a href=\"http:\/\/www.verkehr-bs.de\/fahrscheine.html\"  target=\"_blank\" rel=\"external nofollow\"  target=\"_blank\"  class=\"wp-links-icon\">Braunschweig <\/a>und <a href=\"http:\/\/www.goevb.de\/fahrkarten\/fahrpreise\/\"  target=\"_blank\" rel=\"external nofollow\"  target=\"_blank\"  class=\"wp-links-icon\">G\u00f6ttingen <\/a>gelten im Vorverkauf niedrigere Preise als beim Fahrer.<\/span><\/p>\n<p lang=\"zxx\" align=\"justify\"><span style=\"font-family: Arial,sans-serif;\">Update 11\/2017: Die WVG hat auf Doppel-Ausdrucke umgestellt. Dies soll den Verkauf beschleunigen. Die Papierdicke hat sich nicht ver\u00e4ndert. Kundenbeschwerden sind der WVG deshalb bis dato nicht bekannt. Kundenr\u00fcckmeldungen helfen auf jeden Fall beiden Seiten&#8230; (<a href=\"http:\/\/www.marktplatz-rabenberg.de\/anregungen\/stadtweit\/wvg-vorverkauf\/papier-doppel-fahrkarten.pdf\"  target=\"_blank\"  target=\"_blank\">eMail<\/a>).<\/span><\/p>\n","protected":false},"excerpt":{"rendered":"<p>Wer nur unregelm\u00e4\u00dfig Bus f\u00e4hrt, nutzt traditionell die Streifenkarte. Diese war bisher aus Pappe. Einfach und praktisch in der Handhabung. Seit neuestem bekommt man statt dessen nur noch Papierstreifen ausgeh\u00e4ndigt. Die Entwertung wird daher schwieriger. F\u00fcr die WVG \u00fcberwiegen jedoch die Vorteile diesen Nachteil (siehe eMail). Schon seit l\u00e4ngerem bekommt man alle Fahrscheine auch beim [&hellip;]<\/p>\n","protected":false},"author":2,"featured_media":0,"parent":55,"menu_order":0,"comment_status":"closed","ping_status":"closed","template":"","meta":[],"_links":{"self":[{"href":"http:\/\/marktplatz-rabenberg.de\/index.php?rest_route=\/wp\/v2\/pages\/219"}],"collection":[{"href":"http:\/\/marktplatz-rabenberg.de\/index.php?rest_route=\/wp\/v2\/pages"}],"about":[{"href":"http:\/\/marktplatz-rabenberg.de\/index.php?rest_route=\/wp\/v2\/types\/page"}],"author":[{"embeddable":true,"href":"http:\/\/marktplatz-rabenberg.de\/index.php?rest_route=\/wp\/v2\/users\/2"}],"replies":[{"embeddable":true,"href":"http:\/\/marktplatz-rabenberg.de\/index.php?rest_route=%2Fwp%2Fv2%2Fcomments&post=219"}],"version-history":[{"count":2,"href":"http:\/\/marktplatz-rabenberg.de\/index.php?rest_route=\/wp\/v2\/pages\/219\/revisions"}],"predecessor-version":[{"id":325,"href":"http:\/\/marktplatz-rabenberg.de\/index.php?rest_route=\/wp\/v2\/pages\/219\/revisions\/325"}],"up":[{"embeddable":true,"href":"http:\/\/marktplatz-rabenberg.de\/index.php?rest_route=\/wp\/v2\/pages\/55"}],"wp:attachment":[{"href":"http:\/\/marktplatz-rabenberg.de\/index.php?rest_route=%2Fwp%2Fv2%2Fmedia&parent=219"}],"curies":[{"name":"wp","href":"https:\/\/api.w.org\/{rel}","templated":true}]}}