{"id":364,"date":"2018-03-19T16:30:26","date_gmt":"2018-03-19T14:30:26","guid":{"rendered":"http:\/\/marktplatz-rabenberg.de\/?page_id=364"},"modified":"2019-09-12T08:33:44","modified_gmt":"2019-09-12T06:33:44","slug":"buecher-suchen-familienanschluss","status":"publish","type":"page","link":"http:\/\/marktplatz-rabenberg.de\/?page_id=364","title":{"rendered":"B\u00fccher suchen Familienanschlu\u00df"},"content":{"rendered":"<div id=\"attachment_363\" style=\"width: 235px\" class=\"wp-caption alignright\"><img aria-describedby=\"caption-attachment-363\" decoding=\"async\" loading=\"lazy\" class=\"size-medium wp-image-363\" src=\"http:\/\/marktplatz-rabenberg.de\/wp-content\/uploads\/Buecherschrank-Detmerode-225x300.jpg\" alt=\"B\u00fccherschrank Detmerode\" width=\"225\" height=\"300\" srcset=\"http:\/\/marktplatz-rabenberg.de\/wp-content\/uploads\/Buecherschrank-Detmerode-225x300.jpg 225w, http:\/\/marktplatz-rabenberg.de\/wp-content\/uploads\/Buecherschrank-Detmerode.jpg 386w\" sizes=\"(max-width: 225px) 100vw, 225px\" \/><p id=\"caption-attachment-363\" class=\"wp-caption-text\">B\u00fccherschrank Detmerode<\/p><\/div>\n<p>Ja, die B\u00fccher der \u00f6ffentliche B\u00fccherschr\u00e4nke d\u00fcrfen Sie einfach so mitnehmen: Wann und wieviel Sie wollen! Und das Ganze v\u00f6llig umsonst! Zur\u00fcckbringen ist auch nicht n\u00f6tig. Einfach mitnehmen, lesen und freuen. Besser geht es nicht\u2026<\/p>\n<p>Diese B\u00fccher sind anonyme Geschenke Ihrer Mitmenschen. Bevor diese v\u00f6llig ignoriert im heimischen B\u00fccherschrank versauern, k\u00f6nnten diese doch anderen Menschen eine Freude machen. Unter Umst\u00e4nden sucht ein Mitmensch genau dieses Buch schon lange, und wird in den Buchl\u00e4den nicht mehr f\u00fcndig. K\u00f6nnen Sie sich seine Freude vorstellen, wenn er genau dieses Buch umsonst im B\u00fccherschrank findet\u2026?<\/p>\n<p>Sollten Sie also B\u00fccher zu Hause haben, in die Sie lange nicht mehr hineingeschaut haben, stellen Sie diese doch einfach in den B\u00fccherschrank. Doch halt! Vorher sollte man \u00fcberpr\u00fcfen, ob das Buch wirklich einen Interessenten finden kann. Befindet es sich bereits in Selbstaufl\u00f6sung, ist die Altpapiertonne der bessere Aufenthaltsort. Auf diese Weise wird zumindest der enthaltene Zellstoff Rohstoff neuer B\u00fccher. Versetzen Sie sich auch in die Situation des Interessenten: K\u00f6nnte dieses Buch jemanden interessieren? Wenn ja, dann bitte in kleinen Gr\u00fcppchen einsteigen; der Platz ist schlie\u00dflich begrenzt. H\u00e4ufige Besuche f\u00f6rdern die Bewegung, auch beim B\u00fccherbestand.<\/p>\n<p>Und wovon sollen die Buchhandlungen leben? Sicherlich stellen die B\u00fccherschr\u00e4nke eine unschlagbare Preiskonkurrenz dar. Neuerscheinungen hingegen werden kaum im B\u00fccherschrank landen. Beratung und Service rund ums Buch ist der nat\u00fcrliche Vorteil der Buchl\u00e4den. Dieser kann nicht umsonst sein. Der Verkaufserl\u00f6s kommt vielen Beteiligten zugute: Autoren, Verlagen, Druckereien, Buchhandlungen und dem Fiskus. Der Verteilungsschl\u00fcssel in dieser Produktionskette ist jedoch ein eigenes Thema. Wieviel verdient wer an einem Buch? Jedes Buch des \u00f6ffentlichen B\u00fccherschrankes stammt urspr\u00fcnglich aus der Buchhandlung. Neue B\u00fccher aus Papier k\u00f6nnen nur auf diesem Weg den Weg in die weite Welt antreten.<\/p>\n<p>Nicht jeder kann oder will sich neue B\u00fccher leisten. B\u00fccher sind jedoch Kultur. Ein kostenloses Buch liest man eher als B\u00fccher f\u00fcr die man zahlen mu\u00df. Dieser sehr einfache Einstieg in die Literatur kann das Interesse am Lesen f\u00f6rdern. Ein Buch in die Hand zu nehmen und zu lesen, hat noch niemanden geschadet. Das Angebot ist breit gef\u00e4chert, soda\u00df f\u00fcr jeden etwas dabei sein sollte. Und wenn nicht heute, dann beim n\u00e4chsten Besuch.<\/p>\n<p>Wie beim Schlu\u00dfverkauf bleibt immer ein Teil der B\u00fccher dauerhaft liegen. Kostenlose B\u00fccher, die absolut keiner will, geh\u00f6ren nur leider in den M\u00fcll. Diese unangenehme Aufgabe ist selbsterkl\u00e4rte ehrenamtliche Aufgabe der B\u00fccherpaten. Nur mit diesem \u201eBlindflug\u201c (Ich kann es zwar nicht sehen, es mu\u00df aber sein) kann Platz f\u00fcr Neuzug\u00e4nge geschaffen werden. Hier eine perfekte objektive Auswahl zu treffen, ist unm\u00f6glich. Vom Einsatz der B\u00fccherpaten h\u00e4ngt jedoch der dauerhafte Erfolg eines B\u00fccherschrankes ab. Hier hilft nur: Augen zu und durch&#8230;<\/p>\n<p>\u00dcbrigens: Wer vom einfachen B\u00fccherschrankbesuch noch nicht genug hat, der sollte auf der Website <a href=\"http:\/\/bookcrossing.de\/\"  target=\"_blank\" rel=\"external nofollow\"  target=\"_blank\" rel=\"noopener\"  class=\"wp-links-icon\">bookcrossing.de<\/a> nachschauen. Hier wird die Weltreise einzelner ausgew\u00e4hlter freier B\u00fccher online nachverfolgbar. Diese B\u00fccher sind speziell gekennzeichnet und mischen sich wild unter die anderen B\u00fccher der B\u00fccherschr\u00e4nke.<\/p>\n<p>In Wolfsburg gibt es folgende \u00f6ffentliche B\u00fccherschr\u00e4nke:<\/p>\n<ul>\n<li>Wendschott (Stadt Wolfsburg, Einm\u00fcndung Alte Schulstra\u00dfe &#8211; Wendenstra\u00dfe)<\/li>\n<li>Vorsfelde (Stadt Wolfsburg, St. Petruskirche, \u00f6stliche Seite)<\/li>\n<li>Reislingen (Stadt Wolfsburg, St. Markus, unter dem Vordach links neben dem Haupteingang)<\/li>\n<li>Neuhaus (Burg Neuhaus, rechts am Beginn der Zufahrt)<\/li>\n<li>Hehlingen (TSV Hehlingen, Mehrzweckhalle, Am Beginn des Parkplatzes)<\/li>\n<li>Nordsteimke (SV Nordsteimke, Sportzentrum Steinbeker Stra\u00dfe, Am hinteren Ende des Parkplatzes)<\/li>\n<li>Detmerode (Stadt Wolfsburg, Einkaufszentrum, s\u00fcdwestlicher Ausgang)<\/li>\n<li>Fallersleben (Stadt Wolfsburg, Westerstra\u00dfe, Am Zunftbaum)<\/li>\n<\/ul>\n","protected":false},"excerpt":{"rendered":"<p>Ja, die B\u00fccher der \u00f6ffentliche B\u00fccherschr\u00e4nke d\u00fcrfen Sie einfach so mitnehmen: Wann und wieviel Sie wollen! Und das Ganze v\u00f6llig umsonst! Zur\u00fcckbringen ist auch nicht n\u00f6tig. Einfach mitnehmen, lesen und freuen. Besser geht es nicht\u2026 Diese B\u00fccher sind anonyme Geschenke Ihrer Mitmenschen. Bevor diese v\u00f6llig ignoriert im heimischen B\u00fccherschrank versauern, k\u00f6nnten diese doch anderen Menschen [&hellip;]<\/p>\n","protected":false},"author":2,"featured_media":0,"parent":113,"menu_order":0,"comment_status":"closed","ping_status":"closed","template":"","meta":[],"_links":{"self":[{"href":"http:\/\/marktplatz-rabenberg.de\/index.php?rest_route=\/wp\/v2\/pages\/364"}],"collection":[{"href":"http:\/\/marktplatz-rabenberg.de\/index.php?rest_route=\/wp\/v2\/pages"}],"about":[{"href":"http:\/\/marktplatz-rabenberg.de\/index.php?rest_route=\/wp\/v2\/types\/page"}],"author":[{"embeddable":true,"href":"http:\/\/marktplatz-rabenberg.de\/index.php?rest_route=\/wp\/v2\/users\/2"}],"replies":[{"embeddable":true,"href":"http:\/\/marktplatz-rabenberg.de\/index.php?rest_route=%2Fwp%2Fv2%2Fcomments&post=364"}],"version-history":[{"count":4,"href":"http:\/\/marktplatz-rabenberg.de\/index.php?rest_route=\/wp\/v2\/pages\/364\/revisions"}],"predecessor-version":[{"id":441,"href":"http:\/\/marktplatz-rabenberg.de\/index.php?rest_route=\/wp\/v2\/pages\/364\/revisions\/441"}],"up":[{"embeddable":true,"href":"http:\/\/marktplatz-rabenberg.de\/index.php?rest_route=\/wp\/v2\/pages\/113"}],"wp:attachment":[{"href":"http:\/\/marktplatz-rabenberg.de\/index.php?rest_route=%2Fwp%2Fv2%2Fmedia&parent=364"}],"curies":[{"name":"wp","href":"https:\/\/api.w.org\/{rel}","templated":true}]}}