{"id":607,"date":"2025-08-31T13:57:58","date_gmt":"2025-08-31T11:57:58","guid":{"rendered":"https:\/\/marktplatz-rabenberg.de\/?page_id=607"},"modified":"2025-09-04T12:51:55","modified_gmt":"2025-09-04T10:51:55","slug":"buergersprechstunde-des-ortsbuergermeisters","status":"publish","type":"page","link":"http:\/\/marktplatz-rabenberg.de\/?page_id=607","title":{"rendered":"B\u00fcrgersprechstunde des Ortsb\u00fcrgermeisters"},"content":{"rendered":"\n<p>Unser Ortsb\u00fcrgermeister Sabah Enversen ist ab sofort im Wechsel mit seinem\/seiner Stellvertreter(in) in den R\u00e4umen der <strong>Neuland Stiftung Wolfsburg, Stadtwaldstra\u00dfe 1a<\/strong>,<strong> 38440 Wolfsburg<\/strong> pers\u00f6nlich zu sprechen.<\/p>\n\n\n\n<p><strong>Sprechzeiten Ortsrat Waldstadt (aktuell noch Mitte-West)<br><\/strong><strong>Adresse: Neuland Stiftung Wolfsburg, Stadtwaldstra\u00dfe 1a<\/strong><\/p>\n\n\n\n<figure class=\"wp-block-table\"><table><tbody><tr><td>&nbsp;<\/td><td><strong>Name<\/strong><\/td><td><strong>Tag<\/strong><\/td><td><strong>Uhrzeit<\/strong><\/td><\/tr><tr><td>Ortsb\u00fcrgermeister<\/td><td>Sabah Enversen<\/td><td>Donnerstag<\/td><td>11:00 bis 12:00<\/td><\/tr><tr><td>Stellvertretender Ortsb\u00fcrgermeister<\/td><td>Stefan Klinke<\/td><td>Donnerstag<\/td><td>17:00 bis 18:00<\/td><\/tr><tr><td>Stellvertretende Ortsb\u00fcrgermeisterin<\/td><td>Sandra J\u00f6rdens<\/td><td>Freitag<\/td><td>16:00 bis 17:00<\/td><\/tr><\/tbody><\/table><\/figure>\n\n\n\n<p><strong>Grunds\u00e4tzlich finden die angef\u00fchrten Termine w\u00f6chentlich statt. Ausgenommen sind Feiertage oder Ferienzeiten oder andere Ereignisse. Sollten bei besonderen Ereignissen Ausf\u00e4lle stattfinden, wird dies per Aushang bekannt gegeben.<\/strong><\/p>\n\n\n\n<p>Au\u00dferdem ist unser Ortsb\u00fcrgermeister unter seiner Handynummer erreichbar: <strong>0170 45 262 83<\/strong>.<\/p>\n","protected":false},"excerpt":{"rendered":"<p>Unser Ortsb\u00fcrgermeister Sabah Enversen ist ab sofort im Wechsel mit seinem\/seiner Stellvertreter(in) in den R\u00e4umen der Neuland Stiftung Wolfsburg, Stadtwaldstra\u00dfe 1a, 38440 Wolfsburg pers\u00f6nlich zu sprechen. Sprechzeiten Ortsrat Waldstadt (aktuell noch Mitte-West)Adresse: Neuland Stiftung Wolfsburg, Stadtwaldstra\u00dfe 1a &nbsp; Name Tag Uhrzeit Ortsb\u00fcrgermeister Sabah Enversen Donnerstag 11:00 bis 12:00 Stellvertretender Ortsb\u00fcrgermeister Stefan Klinke Donnerstag 17:00 bis [&hellip;]<\/p>\n","protected":false},"author":2,"featured_media":0,"parent":55,"menu_order":0,"comment_status":"closed","ping_status":"closed","template":"","meta":[],"_links":{"self":[{"href":"http:\/\/marktplatz-rabenberg.de\/index.php?rest_route=\/wp\/v2\/pages\/607"}],"collection":[{"href":"http:\/\/marktplatz-rabenberg.de\/index.php?rest_route=\/wp\/v2\/pages"}],"about":[{"href":"http:\/\/marktplatz-rabenberg.de\/index.php?rest_route=\/wp\/v2\/types\/page"}],"author":[{"embeddable":true,"href":"http:\/\/marktplatz-rabenberg.de\/index.php?rest_route=\/wp\/v2\/users\/2"}],"replies":[{"embeddable":true,"href":"http:\/\/marktplatz-rabenberg.de\/index.php?rest_route=%2Fwp%2Fv2%2Fcomments&post=607"}],"version-history":[{"count":3,"href":"http:\/\/marktplatz-rabenberg.de\/index.php?rest_route=\/wp\/v2\/pages\/607\/revisions"}],"predecessor-version":[{"id":612,"href":"http:\/\/marktplatz-rabenberg.de\/index.php?rest_route=\/wp\/v2\/pages\/607\/revisions\/612"}],"up":[{"embeddable":true,"href":"http:\/\/marktplatz-rabenberg.de\/index.php?rest_route=\/wp\/v2\/pages\/55"}],"wp:attachment":[{"href":"http:\/\/marktplatz-rabenberg.de\/index.php?rest_route=%2Fwp%2Fv2%2Fmedia&parent=607"}],"curies":[{"name":"wp","href":"https:\/\/api.w.org\/{rel}","templated":true}]}}