{"id":80,"date":"2015-05-13T14:30:28","date_gmt":"2015-05-13T12:30:28","guid":{"rendered":"http:\/\/marktplatz-rabenberg.de\/?page_id=80"},"modified":"2015-05-13T14:30:28","modified_gmt":"2015-05-13T12:30:28","slug":"ladengeschaefte","status":"publish","type":"page","link":"http:\/\/marktplatz-rabenberg.de\/?page_id=80","title":{"rendered":"Ladengesch\u00e4fte"},"content":{"rendered":"<p>Auf diesen Seiten finden sich dauerhaft vor Ort ans\u00e4ssige Ladengesch\u00e4fte.<\/p>\n","protected":false},"excerpt":{"rendered":"<p>Auf diesen Seiten finden sich dauerhaft vor Ort ans\u00e4ssige Ladengesch\u00e4fte.<\/p>\n","protected":false},"author":2,"featured_media":0,"parent":51,"menu_order":0,"comment_status":"closed","ping_status":"closed","template":"","meta":[],"_links":{"self":[{"href":"http:\/\/marktplatz-rabenberg.de\/index.php?rest_route=\/wp\/v2\/pages\/80"}],"collection":[{"href":"http:\/\/marktplatz-rabenberg.de\/index.php?rest_route=\/wp\/v2\/pages"}],"about":[{"href":"http:\/\/marktplatz-rabenberg.de\/index.php?rest_route=\/wp\/v2\/types\/page"}],"author":[{"embeddable":true,"href":"http:\/\/marktplatz-rabenberg.de\/index.php?rest_route=\/wp\/v2\/users\/2"}],"replies":[{"embeddable":true,"href":"http:\/\/marktplatz-rabenberg.de\/index.php?rest_route=%2Fwp%2Fv2%2Fcomments&post=80"}],"version-history":[{"count":1,"href":"http:\/\/marktplatz-rabenberg.de\/index.php?rest_route=\/wp\/v2\/pages\/80\/revisions"}],"predecessor-version":[{"id":81,"href":"http:\/\/marktplatz-rabenberg.de\/index.php?rest_route=\/wp\/v2\/pages\/80\/revisions\/81"}],"up":[{"embeddable":true,"href":"http:\/\/marktplatz-rabenberg.de\/index.php?rest_route=\/wp\/v2\/pages\/51"}],"wp:attachment":[{"href":"http:\/\/marktplatz-rabenberg.de\/index.php?rest_route=%2Fwp%2Fv2%2Fmedia&parent=80"}],"curies":[{"name":"wp","href":"https:\/\/api.w.org\/{rel}","templated":true}]}}