{"id":98,"date":"2015-06-11T13:45:55","date_gmt":"2015-06-11T11:45:55","guid":{"rendered":"http:\/\/marktplatz-rabenberg.de\/?page_id=98"},"modified":"2017-11-30T18:52:17","modified_gmt":"2017-11-30T16:52:17","slug":"arboretum","status":"publish","type":"page","link":"http:\/\/marktplatz-rabenberg.de\/?page_id=98","title":{"rendered":"Arboretum"},"content":{"rendered":"<div id=\"attachment_99\" style=\"width: 310px\" class=\"wp-caption alignright\"><a href=\"http:\/\/marktplatz-rabenberg.de\/wp-content\/uploads\/Lageplan.jpg\"  ><img aria-describedby=\"caption-attachment-99\" decoding=\"async\" loading=\"lazy\" class=\"size-medium wp-image-99\" src=\"http:\/\/marktplatz-rabenberg.de\/wp-content\/uploads\/Lageplan-300x284.jpg\" alt=\"Lageplan Arboretum\" width=\"300\" height=\"284\" srcset=\"http:\/\/marktplatz-rabenberg.de\/wp-content\/uploads\/Lageplan-300x284.jpg 300w, http:\/\/marktplatz-rabenberg.de\/wp-content\/uploads\/Lageplan.jpg 465w\" sizes=\"(max-width: 300px) 100vw, 300px\" \/><\/a><p id=\"caption-attachment-99\" class=\"wp-caption-text\">Lageplan Arboretum<\/p><\/div>\n<p>Von Reisen bringt man u.a. auch fremdl\u00e4ndische Pflanzen mit nach Hause. Biologen sammeln diese systematisch in Botanischen G\u00e4rten. Wenn F\u00f6rster dieses tun, wird alles nat\u00fcrlich etwas gr\u00f6\u00dfer und hei\u00dft dann <a href=\"http:\/\/de.wikipedia.org\/wiki\/Arboretum\"  target=\"_blank\" rel=\"external nofollow\"  target=\"_blank\"  class=\"wp-links-icon\">Arboretum <\/a>Es ist eine Sammlung frei wachsender B\u00e4ume und Str\u00e4ucher.<\/p>\n<p>Nahe des Wolfsburger Stadtteils Rabenberg hat der <a href=\"http:\/\/www.wolfsburg.de\/leben\/umweltnaturschutz\/stadtforst\"  target=\"_blank\" rel=\"external nofollow\"  target=\"_blank\"  class=\"wp-links-icon\">Stadtforst Wolfsburg<\/a> ein solches Arboretum meist heimischer B\u00e4ume und Str\u00e4ucher angelegt. Der Haupteingang samt Schutzh\u00fctte befindet sich direkt am Waldweg in der Verl\u00e4ngerung der Stra\u00dfe Uhlenhorst. Weitere Zug\u00e4nge befinden sich am Waldhauptweg von Detmerode ins Hasselbachtal und oberhalb der Tommy-Quelle.<\/p>\n<p>Naturinteressierte sollten unbedingt einen Blick hineinwerfen. Sitzb\u00e4nke laden zu Ruhe und Erholung ein. Infotafeln liefern Hintergrundinformationen zu den hier wachsenden B\u00e4umen und Str\u00e4uchern.<\/p>\n<p>Hier warten u.a. Antworten auf folgende Fragen:<\/p>\n<div id=\"attachment_100\" style=\"width: 235px\" class=\"wp-caption alignright\"><a href=\"http:\/\/marktplatz-rabenberg.de\/wp-content\/uploads\/Arboretum.jpg\"  ><img aria-describedby=\"caption-attachment-100\" decoding=\"async\" loading=\"lazy\" class=\"size-medium wp-image-100\" src=\"http:\/\/marktplatz-rabenberg.de\/wp-content\/uploads\/Arboretum-225x300.jpg\" alt=\"Eingang Arboretum\" width=\"225\" height=\"300\" srcset=\"http:\/\/marktplatz-rabenberg.de\/wp-content\/uploads\/Arboretum-225x300.jpg 225w, http:\/\/marktplatz-rabenberg.de\/wp-content\/uploads\/Arboretum.jpg 245w\" sizes=\"(max-width: 225px) 100vw, 225px\" \/><\/a><p id=\"caption-attachment-100\" class=\"wp-caption-text\">Eingang Arboretum<\/p><\/div>\n<p>Von welchem Strauch stammen die Pfeile der Gletschermumie \u00d6tzi?<br \/>\nWelcher Baum gilt als giftigster Baum Europas und wird gleichzeitig in der Krebsmedizin eingesetzt?<br \/>\nWelcher Strauch nimmt sich (fast) ein Jahr Zeit f\u00fcr die Bildung genie\u00dfbarer Fr\u00fcchte?<br \/>\nWelchen Baum verdanken wir den R\u00f6mern?<br \/>\nWelche Ahornart ist in Wappen und Fahne Kanadas dargestellt?<br \/>\nWelcher Baum lieferte Holz f\u00fcr Zahnr\u00e4der, Holzgewinde und Werkzeug?<br \/>\nWelcher Baum ist mit unseren Rosen verwandt?<br \/>\nAus wessen Holz bauten die Indianer Ihre Einb\u00e4ume?<br \/>\nWelcher Baum liefert Maronen?<br \/>\nWelches war der Lieblingsbaum vom \u201eSonnenk\u00f6nig\u201c Ludwig XIV.?<br \/>\nWas ist ein \u201eEisenbaum\u201c?<br \/>\nWelchem Baum verdanken wir den Bernstein?<br \/>\nWelcher Baum wirft im Herbst gr\u00fcne Bl\u00e4tter ab?<br \/>\nWelche Baumart hat einen \u201eWintermantel\u201c?<br \/>\nWelcher Baum liefert das Material f\u00fcr die Klaviermechanik?<br \/>\nWelcher einzige einheimische Baum entwickelt Brettwurzeln wie tropische B\u00e4ume?<br \/>\nWelche Auswirkung hat das Klima auf das Wuchsverhalten der B\u00e4ume?<\/p>\n","protected":false},"excerpt":{"rendered":"<p>Von Reisen bringt man u.a. auch fremdl\u00e4ndische Pflanzen mit nach Hause. Biologen sammeln diese systematisch in Botanischen G\u00e4rten. Wenn F\u00f6rster dieses tun, wird alles nat\u00fcrlich etwas gr\u00f6\u00dfer und hei\u00dft dann Arboretum Es ist eine Sammlung frei wachsender B\u00e4ume und Str\u00e4ucher. Nahe des Wolfsburger Stadtteils Rabenberg hat der Stadtforst Wolfsburg ein solches Arboretum meist heimischer B\u00e4ume [&hellip;]<\/p>\n","protected":false},"author":2,"featured_media":0,"parent":113,"menu_order":0,"comment_status":"closed","ping_status":"closed","template":"","meta":[],"_links":{"self":[{"href":"http:\/\/marktplatz-rabenberg.de\/index.php?rest_route=\/wp\/v2\/pages\/98"}],"collection":[{"href":"http:\/\/marktplatz-rabenberg.de\/index.php?rest_route=\/wp\/v2\/pages"}],"about":[{"href":"http:\/\/marktplatz-rabenberg.de\/index.php?rest_route=\/wp\/v2\/types\/page"}],"author":[{"embeddable":true,"href":"http:\/\/marktplatz-rabenberg.de\/index.php?rest_route=\/wp\/v2\/users\/2"}],"replies":[{"embeddable":true,"href":"http:\/\/marktplatz-rabenberg.de\/index.php?rest_route=%2Fwp%2Fv2%2Fcomments&post=98"}],"version-history":[{"count":4,"href":"http:\/\/marktplatz-rabenberg.de\/index.php?rest_route=\/wp\/v2\/pages\/98\/revisions"}],"predecessor-version":[{"id":105,"href":"http:\/\/marktplatz-rabenberg.de\/index.php?rest_route=\/wp\/v2\/pages\/98\/revisions\/105"}],"up":[{"embeddable":true,"href":"http:\/\/marktplatz-rabenberg.de\/index.php?rest_route=\/wp\/v2\/pages\/113"}],"wp:attachment":[{"href":"http:\/\/marktplatz-rabenberg.de\/index.php?rest_route=%2Fwp%2Fv2%2Fmedia&parent=98"}],"curies":[{"name":"wp","href":"https:\/\/api.w.org\/{rel}","templated":true}]}}