{"id":231,"date":"2016-09-10T17:00:53","date_gmt":"2016-09-10T15:00:53","guid":{"rendered":"http:\/\/marktplatz-rabenberg.de\/?page_id=231"},"modified":"2024-12-18T16:25:24","modified_gmt":"2024-12-18T14:25:24","slug":"kommentare","status":"publish","type":"page","link":"https:\/\/marktplatz-rabenberg.de\/?page_id=231","title":{"rendered":"Kommentare"},"content":{"rendered":"<p>In dieser Rubrik werde ich eigene Kommentare zu verschiedensten Themen in unregelm\u00e4\u00dfigen Abst\u00e4nden ver\u00f6ffentlichen (<a href=\"https:\/\/dejure.org\/gesetze\/GG\/5.html\"  target=\"_blank\" rel=\"external nofollow\"  target=\"_blank\" rel=\"noopener\"  class=\"wp-links-icon\">Artikel 5 GG<\/a>).<\/p>\n","protected":false},"excerpt":{"rendered":"<p>In dieser Rubrik werde ich eigene Kommentare zu verschiedensten Themen in unregelm\u00e4\u00dfigen Abst\u00e4nden ver\u00f6ffentlichen (Artikel 5 GG).<\/p>\n","protected":false},"author":2,"featured_media":0,"parent":0,"menu_order":0,"comment_status":"closed","ping_status":"closed","template":"","meta":[],"_links":{"self":[{"href":"https:\/\/marktplatz-rabenberg.de\/index.php?rest_route=\/wp\/v2\/pages\/231"}],"collection":[{"href":"https:\/\/marktplatz-rabenberg.de\/index.php?rest_route=\/wp\/v2\/pages"}],"about":[{"href":"https:\/\/marktplatz-rabenberg.de\/index.php?rest_route=\/wp\/v2\/types\/page"}],"author":[{"embeddable":true,"href":"https:\/\/marktplatz-rabenberg.de\/index.php?rest_route=\/wp\/v2\/users\/2"}],"replies":[{"embeddable":true,"href":"https:\/\/marktplatz-rabenberg.de\/index.php?rest_route=%2Fwp%2Fv2%2Fcomments&post=231"}],"version-history":[{"count":4,"href":"https:\/\/marktplatz-rabenberg.de\/index.php?rest_route=\/wp\/v2\/pages\/231\/revisions"}],"predecessor-version":[{"id":573,"href":"https:\/\/marktplatz-rabenberg.de\/index.php?rest_route=\/wp\/v2\/pages\/231\/revisions\/573"}],"wp:attachment":[{"href":"https:\/\/marktplatz-rabenberg.de\/index.php?rest_route=%2Fwp%2Fv2%2Fmedia&parent=231"}],"curies":[{"name":"wp","href":"https:\/\/api.w.org\/{rel}","templated":true}]}}