{"id":253,"date":"2017-01-04T13:15:38","date_gmt":"2017-01-04T11:15:38","guid":{"rendered":"http:\/\/marktplatz-rabenberg.de\/?page_id=253"},"modified":"2018-01-17T15:20:59","modified_gmt":"2018-01-17T13:20:59","slug":"umbau-penny-rabenberg","status":"publish","type":"page","link":"https:\/\/marktplatz-rabenberg.de\/?page_id=253","title":{"rendered":"Penny Rabenberg"},"content":{"rendered":"<div id=\"attachment_252\" style=\"width: 460px\" class=\"wp-caption alignright\"><img aria-describedby=\"caption-attachment-252\" decoding=\"async\" loading=\"lazy\" class=\"wp-image-252 size-full\" src=\"http:\/\/marktplatz-rabenberg.de\/wp-content\/uploads\/Penny-Rabenberg.jpg\" alt=\"Penny Rabenberg\" width=\"450\" height=\"600\" srcset=\"https:\/\/marktplatz-rabenberg.de\/wp-content\/uploads\/Penny-Rabenberg.jpg 450w, https:\/\/marktplatz-rabenberg.de\/wp-content\/uploads\/Penny-Rabenberg-225x300.jpg 225w\" sizes=\"(max-width: 450px) 100vw, 450px\" \/><p id=\"caption-attachment-252\" class=\"wp-caption-text\">Penny Rabenberg<\/p><\/div>\n<p lang=\"zxx\">Die <a href=\"http:\/\/www.penny.de\"  target=\"_blank\" rel=\"external nofollow\"  target=\"_blank\"  class=\"wp-links-icon\">Penny <\/a>Filiale Rabenberg bietet in fu\u00dfl\u00e4ufiger Entfernung alles was man im t\u00e4glichen Leben so braucht: \u00dcber Lebensmittel, Getr\u00e4nke, Kosmetika, Babyartikel, Reinigungsmittel bis hin zu Zeitschriften, Elektroartikeln &amp; Gr\u00fcnpfllanzen. Andere M\u00e4rkte m\u00f6gen gr\u00f6\u00dfer sein und haben mehr Auswahl. Penny Rabenberg ist jedoch viel n\u00e4her und \u00fcbersichtlicher. Klein, aber fein. Eben &#8222;unser&#8220; Penny.<\/p>\n<p lang=\"zxx\"><span style=\"font-family: Arial, sans-serif;\">PS: Wie in einer aus der Literatur gut bekannten Zauberschule haben sich die R\u00e4umlichkeiten bei unserem Penny ge\u00e4ndert. Das Sortiment hat sich erneut etwas verschoben; hier allerdings ganz ohne Zauberkr\u00e4fte&#8230;<\/span><\/p>\n<p>&nbsp;<\/p>\n","protected":false},"excerpt":{"rendered":"<p>Die Penny Filiale Rabenberg bietet in fu\u00dfl\u00e4ufiger Entfernung alles was man im t\u00e4glichen Leben so braucht: \u00dcber Lebensmittel, Getr\u00e4nke, Kosmetika, Babyartikel, Reinigungsmittel bis hin zu Zeitschriften, Elektroartikeln &amp; Gr\u00fcnpfllanzen. Andere M\u00e4rkte m\u00f6gen gr\u00f6\u00dfer sein und haben mehr Auswahl. Penny Rabenberg ist jedoch viel n\u00e4her und \u00fcbersichtlicher. Klein, aber fein. Eben &#8222;unser&#8220; Penny. PS: Wie in [&hellip;]<\/p>\n","protected":false},"author":2,"featured_media":0,"parent":80,"menu_order":0,"comment_status":"closed","ping_status":"closed","template":"","meta":[],"_links":{"self":[{"href":"https:\/\/marktplatz-rabenberg.de\/index.php?rest_route=\/wp\/v2\/pages\/253"}],"collection":[{"href":"https:\/\/marktplatz-rabenberg.de\/index.php?rest_route=\/wp\/v2\/pages"}],"about":[{"href":"https:\/\/marktplatz-rabenberg.de\/index.php?rest_route=\/wp\/v2\/types\/page"}],"author":[{"embeddable":true,"href":"https:\/\/marktplatz-rabenberg.de\/index.php?rest_route=\/wp\/v2\/users\/2"}],"replies":[{"embeddable":true,"href":"https:\/\/marktplatz-rabenberg.de\/index.php?rest_route=%2Fwp%2Fv2%2Fcomments&post=253"}],"version-history":[{"count":9,"href":"https:\/\/marktplatz-rabenberg.de\/index.php?rest_route=\/wp\/v2\/pages\/253\/revisions"}],"predecessor-version":[{"id":355,"href":"https:\/\/marktplatz-rabenberg.de\/index.php?rest_route=\/wp\/v2\/pages\/253\/revisions\/355"}],"up":[{"embeddable":true,"href":"https:\/\/marktplatz-rabenberg.de\/index.php?rest_route=\/wp\/v2\/pages\/80"}],"wp:attachment":[{"href":"https:\/\/marktplatz-rabenberg.de\/index.php?rest_route=%2Fwp%2Fv2%2Fmedia&parent=253"}],"curies":[{"name":"wp","href":"https:\/\/api.w.org\/{rel}","templated":true}]}}