{"id":383,"date":"2018-08-08T16:14:51","date_gmt":"2018-08-08T14:14:51","guid":{"rendered":"http:\/\/marktplatz-rabenberg.de\/?page_id=383"},"modified":"2019-06-04T09:18:59","modified_gmt":"2019-06-04T07:18:59","slug":"nimmplatz-die-rabenwg","status":"publish","type":"page","link":"https:\/\/marktplatz-rabenberg.de\/?page_id=383","title":{"rendered":"NimmPlatz: Der RabenWG folgt der Rabenrat"},"content":{"rendered":"<p lang=\"zxx\" align=\"justify\"><span style=\"font-family: Arial, sans-serif;\">Einwohner vom Rabenberg haben sich im Rabenrat als gewolltes Ergebnis der Mitmachaktion NimmPlatz RabenWG vom Forum Architektur der Stadt Wolfsburg zusammengefunden, um sich ehrenamtlich f\u00fcr Ihren Stadtteil zu engagieren.<\/span><\/p>\n<p lang=\"zxx\" align=\"justify\"><span style=\"font-family: Arial, sans-serif;\"><strong>Der Rabenrat weist darauf hin, da\u00df er bei Fehlentwicklungen wie unebenen Wegen und Pl\u00e4tzen, stadtweiter Gr\u00fcnfl\u00e4chenpflege etc. unzust\u00e4ndig ist. Kritik an Politik und Verwaltung bitten wir ausdr\u00fccklich dort vorzubringen, z.B. pers\u00f6nlich im Ortsrat oder dem Rat der Stadt Wolfsburg im Rahmen der Einwohnerfragestunde.<\/strong> Wir haben nicht mehr Einflu\u00df als jeder andere einzelne B\u00fcrger auch; aber vereint sind wir st\u00e4rker.<\/span><\/p>\n<p lang=\"zxx\" align=\"justify\"><span style=\"font-family: Arial, sans-serif;\">Unsere Vorstellung ist es, mit einzelnen konkreten Projekten gemeinsam positive Alternativen umzusetzen. Dazu rufen wir unsere Mitb\u00fcrger auf, mitzumachen. Unsere Hoffnung ist, dabei mehr Kontakte unter den Einwohnern zu kn\u00fcpfen bzw. zu intensivieren.<\/span><\/p>\n<p lang=\"zxx\" align=\"justify\">N\u00e4here Informationen finden sich unter <a href=\"http:\/\/www.rabenrat.de\"  target=\"_blank\" rel=\"external nofollow\"   class=\"wp-links-icon\">www.rabenrat.de<\/a>.<\/p>\n<p style=\"text-align: center;\">Kontakt: Wolfgang Ehrlich, Burgwall 3, 38444 Wolfsburg OT Rabenberg<\/p>\n<p style=\"text-align: center;\">Tel (0160) 1 0160 99, www.rabenrat.de, info@rabenrat.de<\/p>\n<p style=\"text-align: center;\">Es sind alle Rabenberger herzlich aufgefordert, sich zu beteiligen.<\/p>\n","protected":false},"excerpt":{"rendered":"<p>Einwohner vom Rabenberg haben sich im Rabenrat als gewolltes Ergebnis der Mitmachaktion NimmPlatz RabenWG vom Forum Architektur der Stadt Wolfsburg zusammengefunden, um sich ehrenamtlich f\u00fcr Ihren Stadtteil zu engagieren. Der Rabenrat weist darauf hin, da\u00df er bei Fehlentwicklungen wie unebenen Wegen und Pl\u00e4tzen, stadtweiter Gr\u00fcnfl\u00e4chenpflege etc. unzust\u00e4ndig ist. Kritik an Politik und Verwaltung bitten wir [&hellip;]<\/p>\n","protected":false},"author":2,"featured_media":0,"parent":55,"menu_order":0,"comment_status":"closed","ping_status":"closed","template":"","meta":[],"_links":{"self":[{"href":"https:\/\/marktplatz-rabenberg.de\/index.php?rest_route=\/wp\/v2\/pages\/383"}],"collection":[{"href":"https:\/\/marktplatz-rabenberg.de\/index.php?rest_route=\/wp\/v2\/pages"}],"about":[{"href":"https:\/\/marktplatz-rabenberg.de\/index.php?rest_route=\/wp\/v2\/types\/page"}],"author":[{"embeddable":true,"href":"https:\/\/marktplatz-rabenberg.de\/index.php?rest_route=\/wp\/v2\/users\/2"}],"replies":[{"embeddable":true,"href":"https:\/\/marktplatz-rabenberg.de\/index.php?rest_route=%2Fwp%2Fv2%2Fcomments&post=383"}],"version-history":[{"count":25,"href":"https:\/\/marktplatz-rabenberg.de\/index.php?rest_route=\/wp\/v2\/pages\/383\/revisions"}],"predecessor-version":[{"id":437,"href":"https:\/\/marktplatz-rabenberg.de\/index.php?rest_route=\/wp\/v2\/pages\/383\/revisions\/437"}],"up":[{"embeddable":true,"href":"https:\/\/marktplatz-rabenberg.de\/index.php?rest_route=\/wp\/v2\/pages\/55"}],"wp:attachment":[{"href":"https:\/\/marktplatz-rabenberg.de\/index.php?rest_route=%2Fwp%2Fv2%2Fmedia&parent=383"}],"curies":[{"name":"wp","href":"https:\/\/api.w.org\/{rel}","templated":true}]}}