{"id":496,"date":"2020-06-01T15:49:49","date_gmt":"2020-06-01T13:49:49","guid":{"rendered":"http:\/\/marktplatz-rabenberg.de\/?page_id=496"},"modified":"2025-10-30T06:51:41","modified_gmt":"2025-10-30T04:51:41","slug":"wasser-ist-selten-allein-unterwegs","status":"publish","type":"page","link":"https:\/\/marktplatz-rabenberg.de\/?page_id=496","title":{"rendered":"Wasser ist selten allein unterwegs"},"content":{"rendered":"\n<p>In Wolfsburger Stadtwald gibt es viele Brunnen und Quellen, die sich reger Beliebtheit als Wasserspender erfreuen, trotz guter Leitungswasserqualit\u00e4t. Das hat sicher seinen guten Grund. Ich habe daher angeregt, da\u00df die &#8222;inneren Werte&#8220; dieser Wasserstellen ver\u00f6ffentlicht werden. In Absprache mit dem Gesundheitsamt ist die LSW unter der Webadresse <a href=\"https:\/\/www.lsw.de\/brunnen-und-quellen\/brunnen-und-quellenanalysen\/\"  target=\"_blank\" rel=\"external nofollow\"  target=\"_blank\" rel=\"noreferrer noopener\"  class=\"wp-links-icon\">https:\/\/www.lsw.de\/brunnen-und-quellen\/brunnen-und-quellenanalysen\/<\/a> mit aktuellen Analyseergebnissen diesem Wunsch nachgekommen. Erg\u00e4nzend habe ich recherchiert und m\u00f6chte das Wissen \u00fcber unser Wasser mit nachstehendem Text vervollst\u00e4ndigen.<\/p>\n\n\n\n<p>Wasser ist weit mehr als nur die Verbindung von zwei Wasserstoffatomen und einem Sauerstoffatom. Nach au\u00dfen ist es nicht elektrisch neutral, sondern weist am Sauerstoffatom eine negative Ladung und an den Wasserstoffatomen positive Ladungen auf. Es ist nach au\u00dfen also ein Dipol. Das Wassermolek\u00fcl als Ganzes verbindet sich \u00fcber die Wasserstoffatome (Wasserstoffbr\u00fcckenbindung) zu lockeren Verb\u00e4nden, sogenannten Clustern. Diese restrukturieren sich im fl\u00fcssigen Aggregatzustand laufend neu.<\/p>\n\n\n\n<p>Reines Wasser (ohne jegliche Beimengung anderer Stoffe) bezeichnet man als destilliertes Wasser.  Es wird durch Verdampfen und anschlie\u00dfende Kondensation k\u00fcnstlich gewonnen. Nat\u00fcrlich vorkommendes Wasser und (industriell aufbereitetes) Leitungswasser enth\u00e4lt praktisch immer Begleitstoffe. Regenwasser nimmt bereits in der Luft quasi im &#8222;Vorbeiflug&#8220; Fremdstoffe auf. Auf dem Weg von der Erdoberfl\u00e4che ins Grundwasser wird es gefiltert, nimmt aber auch neue Stoffe auf. Mineralwasser entsteht z. B. auf diese Weise. Typisches Kennzeichen ist dabei der Kohlens\u00e4uregehalt. Auf dem Weg vom Wasserwerk in die Haushalte geht das &#8222;Abenteuer&#8220; des Wassers weiter (z.B. Bleirohre, Bakterien etc.). Mineralw\u00e4sser und Leitungswasser mu\u00df bestimmte Grenzwerte einhalten, um verkauft werden zu d\u00fcrfen. Wasser ist also selten allein unterwegs.<\/p>\n\n\n\n<p>Wir k\u00f6nnen uns gl\u00fccklich sch\u00e4tzen, da\u00df unser Trinkwasser tats\u00e4chlich auch getrunken werden kann. Die daf\u00fcr geltenden Grenzwerte sollten regelm\u00e4\u00dfig kritisch hinterfragt werden, weil hier verschiedene, teilweise konkurrierende Faktoren zusammenkommen (Medizinische Erkenntnisse, Kosten der Aufbereitung, Umweltfaktoren etc.). Das Leitungswasser in anderen L\u00e4ndern ist als Lebensmittel h\u00e4ufig unbrauchbar. Stattdessen wird Wasser zum Kochen und Trinken in gro\u00dfvolumigen Beh\u00e4ltnissen im Einzelhandel angeboten. Viel Spa\u00df beim Schleppen. Wir haben es (bisher) erheblich einfacher.<\/p>\n\n\n\n<p>Die Naturwissenschaft zerlegt die Welt in einzelne Untersuchungsobjekte. Aus dessen (vereinfachender) Analyse werden neue Erkenntnisse gewonnen, um in der Praxis \u00fcberpr\u00fcft zu werden. Diese isolierte Sichtweise hat in der Summe betr\u00e4chtliche Fortschritte gebracht, die unser allt\u00e4gliches Leben erheblich komfortabler gemacht hat.<\/p>\n\n\n\n<p>&#8222;Das Ganze ist mehr als die Summe aller Teile&#8220; sagte schon Aristoteles, ein griechischer Gelehrter des Altertums. Eine praktische aktuelle Anwendung hie\u00dfe: Nur alle Bauteile eines Autos tats\u00e4chlich zusammengesetzt ergeben ein fahrbereites Auto.<\/p>\n\n\n\n<p>Die Betrachtung eines Gesamtsystems, z. B. flie\u00dfendes Wasser, kann auch mehr zu Tage f\u00f6rdern, als die chemische Analyse kleiner Wassermengen. Eine solche ganzheitliche Betrachtung hat schon <a href=\"https:\/\/de.wikipedia.org\/wiki\/Viktor_Schauberger\"  target=\"_blank\" rel=\"external nofollow\"  target=\"_blank\" rel=\"noreferrer noopener\"  class=\"wp-links-icon\">Victor Schauberger<\/a> (1885bis 1958) und <a href=\"https:\/\/de.wikipedia.org\/wiki\/Johann_Grander\"  target=\"_blank\" rel=\"external nofollow\"  target=\"_blank\"  class=\"wp-links-icon\">Johann Grander<\/a> (1930 bis 2012) zu neuen Erkenntnissen verholfen. Auch wenn Ihre Lehren heftig umstritten sind, lohnt sich die Besch\u00e4ftigung mit den praktischen Ergebnissen. Wasserwirbel verbessern mit ihrer schraubenartigen Bewegung subjektiv die Qualit\u00e4t und Transporteigenschaften des Wassers. Man spricht hier von &#8222;belebtem Wasser&#8220;. Es&#8220;f\u00fchlt&#8220; sich besser an, ohne da\u00df die Naturwissenschaft dies erkl\u00e4ren k\u00f6nnte.<\/p>\n\n\n\n<p><a href=\"https:\/\/de.wikipedia.org\/wiki\/Masaru_Emoto\"  target=\"_blank\" rel=\"external nofollow\"  target=\"_blank\" rel=\"noreferrer noopener\"  class=\"wp-links-icon\">Masaru Emoto<\/a> hat die Kristallstruktur gefrorenen Wassers untersucht und festgestellt, da\u00df nur gesundes, &#8222;belebtes&#8220; (Quell-)Wasser saubere sechseckige Kristallstrukturen hervorbringt. Meist ist dies jedoch nicht der Fall. Das gilt auch f\u00fcr Leitungswasser. Nach seinen Erkenntnissen besitzt Wasser quasi ein &#8222;Ged\u00e4chtnis&#8220;.<\/p>\n\n\n\n<p>Die <a href=\"https:\/\/de.wikipedia.org\/wiki\/Hom%C3%B6opathie\"  target=\"_blank\" rel=\"external nofollow\"  target=\"_blank\" rel=\"noreferrer noopener\"  class=\"wp-links-icon\">Hom\u00f6opathie <\/a>und die <a href=\"https:\/\/de.wikipedia.org\/wiki\/Sch%C3%BC%C3%9Fler-Salze\"  target=\"_blank\" rel=\"external nofollow\"  target=\"_blank\" rel=\"noreferrer noopener\"  class=\"wp-links-icon\">Sch\u00fc\u00dfler-Salze<\/a> arbeiten mit starker Verd\u00fcnnung der eingesetzten Wirkstoffe, wobei die Wirkung mit steigender Verd\u00fcnnung zunehmen soll. Das Wirkprinzip ist der Schulmedizin entgegengesetzt. Ein Erkl\u00e4rungsansatz geht davon aus, da\u00df sich die Wassermolek\u00fcle \u00fcber die Wasserstoffbr\u00fcckenbindungen wie ein Mantel gleichm\u00e4\u00dfig um die Wirkstoffe legen und so die wirksame Oberfl\u00e4che vergr\u00f6\u00dfern. Die Oberfl\u00e4chenstruktur der Wirkstoffe bewirkt die Heilung, weniger die Wirkstoffe selbst. Das ist schonender als der chemische Weg der Schulmedizin.<\/p>\n\n\n\n<p>Allein der Glaube oder das Mi\u00dftrauen gegen\u00fcber alternativen Ans\u00e4tzen hat an sich bereits eine Wirkung. Das Stichwort hier lautet <a href=\"https:\/\/de.wikipedia.org\/wiki\/Placebo\"  target=\"_blank\" rel=\"external nofollow\"  target=\"_blank\"  class=\"wp-links-icon\">Placebo<\/a>&#8211; oder <a href=\"https:\/\/de.wikipedia.org\/wiki\/Nocebo-Effekt\"  target=\"_blank\" rel=\"external nofollow\"  target=\"_blank\"  class=\"wp-links-icon\">Nocebo<\/a>-Effekt (das Gegenteil). <a href=\"https:\/\/www.youtube.com\/watch?v=-EGST7zVLbM\"  target=\"_blank\" rel=\"external nofollow\"  target=\"_blank\" rel=\"noreferrer noopener\"  class=\"wp-links-icon\">Dieser <\/a>Film regt zum selber Nachdenken an&#8230;<\/p>\n\n\n\n<p>Jede(r)Mitb\u00fcrger(in) kann sich jederzeit seine eigene praktische Meinung \u00fcber die Qualit\u00e4t unserer jeweiligen Brunnen und Quellen bilden. Obige Ausf\u00fchrungen und die amtlichen Analyseergebnisse sollen dabei helfen, weil Wasser eben nicht gleich Wasser ist. Unsere aktuelle Kaffeemaschine hat \u00fcbrigens schon entschieden: Die Rotheburgquelle verursacht &#8222;Verstopfung&#8220;. Die Thommyquelle liefert hingegen perfektes Kaffeewasser&#8230;<\/p>\n\n\n\n<p><strong>Nachtrag: Beim Wasserholen empfehle ich, <em>miteinander statt gegeneinander<\/em> zu arbeiten. W\u00e4hrend eine Flasche gef\u00fcllt wird, kann im Wechsel die n\u00e4chste schon &#8222;entkorkt&#8220; werden.<\/strong><\/p>\n","protected":false},"excerpt":{"rendered":"<p>In Wolfsburger Stadtwald gibt es viele Brunnen und Quellen, die sich reger Beliebtheit als Wasserspender erfreuen, trotz guter Leitungswasserqualit\u00e4t. Das hat sicher seinen guten Grund. Ich habe daher angeregt, da\u00df die &#8222;inneren Werte&#8220; dieser Wasserstellen ver\u00f6ffentlicht werden. In Absprache mit dem Gesundheitsamt ist die LSW unter der Webadresse https:\/\/www.lsw.de\/brunnen-und-quellen\/brunnen-und-quellenanalysen\/ mit aktuellen Analyseergebnissen diesem Wunsch nachgekommen. [&hellip;]<\/p>\n","protected":false},"author":2,"featured_media":0,"parent":231,"menu_order":0,"comment_status":"closed","ping_status":"closed","template":"","meta":[],"_links":{"self":[{"href":"https:\/\/marktplatz-rabenberg.de\/index.php?rest_route=\/wp\/v2\/pages\/496"}],"collection":[{"href":"https:\/\/marktplatz-rabenberg.de\/index.php?rest_route=\/wp\/v2\/pages"}],"about":[{"href":"https:\/\/marktplatz-rabenberg.de\/index.php?rest_route=\/wp\/v2\/types\/page"}],"author":[{"embeddable":true,"href":"https:\/\/marktplatz-rabenberg.de\/index.php?rest_route=\/wp\/v2\/users\/2"}],"replies":[{"embeddable":true,"href":"https:\/\/marktplatz-rabenberg.de\/index.php?rest_route=%2Fwp%2Fv2%2Fcomments&post=496"}],"version-history":[{"count":15,"href":"https:\/\/marktplatz-rabenberg.de\/index.php?rest_route=\/wp\/v2\/pages\/496\/revisions"}],"predecessor-version":[{"id":623,"href":"https:\/\/marktplatz-rabenberg.de\/index.php?rest_route=\/wp\/v2\/pages\/496\/revisions\/623"}],"up":[{"embeddable":true,"href":"https:\/\/marktplatz-rabenberg.de\/index.php?rest_route=\/wp\/v2\/pages\/231"}],"wp:attachment":[{"href":"https:\/\/marktplatz-rabenberg.de\/index.php?rest_route=%2Fwp%2Fv2%2Fmedia&parent=496"}],"curies":[{"name":"wp","href":"https:\/\/api.w.org\/{rel}","templated":true}]}}