{"id":565,"date":"2024-12-18T16:05:01","date_gmt":"2024-12-18T14:05:01","guid":{"rendered":"https:\/\/marktplatz-rabenberg.de\/?page_id=565"},"modified":"2025-05-25T11:56:35","modified_gmt":"2025-05-25T09:56:35","slug":"nachbarn-nehmen-ruecksicht","status":"publish","type":"page","link":"https:\/\/marktplatz-rabenberg.de\/?page_id=565","title":{"rendered":"<strong>Nachbarn nehmen R\u00fccksicht<\/strong>"},"content":{"rendered":"<div class=\"wp-block-image\">\n<figure class=\"alignright size-full\"><img decoding=\"async\" loading=\"lazy\" width=\"490\" height=\"653\" src=\"http:\/\/marktplatz-rabenberg.de\/wp-content\/uploads\/VWI-Parkplatz.jpg\" alt=\"\" class=\"wp-image-568\" srcset=\"https:\/\/marktplatz-rabenberg.de\/wp-content\/uploads\/VWI-Parkplatz.jpg 490w, https:\/\/marktplatz-rabenberg.de\/wp-content\/uploads\/VWI-Parkplatz-225x300.jpg 225w\" sizes=\"(max-width: 490px) 100vw, 490px\" \/><figcaption class=\"wp-element-caption\">VWI-Parkplatz-Baustelle<\/figcaption><\/figure><\/div>\n\n\n<p>Gefrorener Boden l\u00e4\u00dft sich nicht bewegen. Die aktuell laufende, sicher sinnvolle Erneuerung des VWI-Mieterparkplatzes Burgwall 6 und 8 bzw. Rabenbergstra\u00dfe 57 bis 71 ist daher witterungsabh\u00e4ngig.<\/p>\n\n\n\n<p>Volkswagen Immobilien hat mir auf Nachfrage per eMail mitgeteilt, da\u00df die Fertigstellung im ersten Quartal 2025 erwartet wird, sofern das Wetter mitspielt.<\/p>\n\n\n\n<p>Der gesamte ruhende Verkehr dieses Parkplatzes ist daher bis auf weiteres gezwungen, auf umliegende \u00f6ffentliche Parkpl\u00e4tze auszuweichen. Davon sind alle Bewohner des Rabenbergs direkt bzw. indirekt mitbetroffen, gerade in den Abend- und Nachtstunden. Es m\u00fcssen alle enger zusammenr\u00fccken.<\/p>\n\n\n\n<p>Ich appeliere daher an alle Rabenberger, beim Parkverhalten mehr R\u00fccksicht aufeinander zu nehmen. Die &#8222;hauptberuflichen Maulw\u00fcrfe&#8220; bitte ich gleichzeitig, den Parkplatz vorrangig fertigzustellen.<\/p>\n\n\n\n<p>Falls jemand einen guten Draht zu Petrus hat, sollte er\/sie\/es auf diesem Wege &#8222;gut Wetter f\u00fcr uns machen&#8220;. Erkundigen sich die betroffenen VWI-Mieter (freundlich!!!) nachhaltig nach dem weiteren Ablauf der Arbeiten&#8230;?<\/p>\n\n\n\n<p><strong>Nachtrag: Vielen Dank an alle Beteiligten f\u00fcr den p\u00fcnktlichen Abschlu\u00df der Arbeiten, &#8230;auch an Petrus. Die Parkplatzsituation hat sich damit wieder normalisiert.<\/strong><\/p>\n","protected":false},"excerpt":{"rendered":"<p>Gefrorener Boden l\u00e4\u00dft sich nicht bewegen. Die aktuell laufende, sicher sinnvolle Erneuerung des VWI-Mieterparkplatzes Burgwall 6 und 8 bzw. Rabenbergstra\u00dfe 57 bis 71 ist daher witterungsabh\u00e4ngig. Volkswagen Immobilien hat mir auf Nachfrage per eMail mitgeteilt, da\u00df die Fertigstellung im ersten Quartal 2025 erwartet wird, sofern das Wetter mitspielt. Der gesamte ruhende Verkehr dieses Parkplatzes ist [&hellip;]<\/p>\n","protected":false},"author":2,"featured_media":0,"parent":0,"menu_order":0,"comment_status":"closed","ping_status":"closed","template":"","meta":[],"_links":{"self":[{"href":"https:\/\/marktplatz-rabenberg.de\/index.php?rest_route=\/wp\/v2\/pages\/565"}],"collection":[{"href":"https:\/\/marktplatz-rabenberg.de\/index.php?rest_route=\/wp\/v2\/pages"}],"about":[{"href":"https:\/\/marktplatz-rabenberg.de\/index.php?rest_route=\/wp\/v2\/types\/page"}],"author":[{"embeddable":true,"href":"https:\/\/marktplatz-rabenberg.de\/index.php?rest_route=\/wp\/v2\/users\/2"}],"replies":[{"embeddable":true,"href":"https:\/\/marktplatz-rabenberg.de\/index.php?rest_route=%2Fwp%2Fv2%2Fcomments&post=565"}],"version-history":[{"count":5,"href":"https:\/\/marktplatz-rabenberg.de\/index.php?rest_route=\/wp\/v2\/pages\/565\/revisions"}],"predecessor-version":[{"id":594,"href":"https:\/\/marktplatz-rabenberg.de\/index.php?rest_route=\/wp\/v2\/pages\/565\/revisions\/594"}],"wp:attachment":[{"href":"https:\/\/marktplatz-rabenberg.de\/index.php?rest_route=%2Fwp%2Fv2%2Fmedia&parent=565"}],"curies":[{"name":"wp","href":"https:\/\/api.w.org\/{rel}","templated":true}]}}