{"id":614,"date":"2025-09-29T15:47:30","date_gmt":"2025-09-29T13:47:30","guid":{"rendered":"https:\/\/marktplatz-rabenberg.de\/?page_id=614"},"modified":"2026-02-12T11:46:56","modified_gmt":"2026-02-12T09:46:56","slug":"wir-tanzen-miteinander-nicht-gegeneinander","status":"publish","type":"page","link":"https:\/\/marktplatz-rabenberg.de\/","title":{"rendered":"<strong>Wir tanzen Miteinander, nicht Gegeneinander<\/strong>"},"content":{"rendered":"<div class=\"wp-block-image\">\n<figure class=\"alignright size-full\"><a href=\"https:\/\/www.dancing-dragonflies.de\/\"  target=\"_blank\" rel=\"external nofollow\"  target=\"_blank\" rel=\"noreferrer noopener\" ><img decoding=\"async\" loading=\"lazy\" width=\"150\" height=\"219\" src=\"http:\/\/marktplatz-rabenberg.de\/wp-content\/uploads\/logo.jpg\" alt=\"Logo SDC Dancing Dragonflies\" class=\"wp-image-615\"\/><\/a><figcaption class=\"wp-element-caption\">Logo SDC Dancing Dragonflies<\/figcaption><\/figure><\/div>\n\n\n<p>Tanzen ganz ohne Wettbewerb: Geht das? Die Antwort lautet: JA, mit Square Dance!<\/p>\n\n\n\n<p>Square Dance ist <strong>Gruppen<\/strong>tanz nach Ansage. <strong>Mit<\/strong>einander statt <strong>Gegen<\/strong>einander ist das Grundprinzip. Wenn die Ansagen des Callers (Ansagers) im weltweit einheitlichen Baukastenprinzip von allen richtig umgesetzt werden, ist dies ein <strong>gemeinsames Erfolgserlebnis<\/strong>. Spa\u00df ist Lohn &amp; Motivation zugleich. Square Dance h\u00e4lt somit Geist und K\u00f6rper fit. Das geschieht zu Musik von Country und Western bis Rock und Pop.<\/p>\n\n\n\n<p>Square-Dance ist im Prinzip ein Sammel-Reimport europ\u00e4ischer Volkst\u00e4nze.<\/p>\n\n\n\n<p>Einen festen Tanzpartner braucht man nicht, weil dieser laufend wechselt. Wiederkehrende Handverbindungen sind Orientierung f\u00fcr alle T\u00e4nzer. Sehbehinderte Mitmenschen k\u00f6nnen so auch im Quadrat tanzen. Von Jung bis Alt ist jeder herzlich willkommen.<\/p>\n\n\n\n<p>Nach erfolgreichem Abschlu\u00df der Class steht jedem T\u00e4nzer die ganze Welt des Square Dance offen. Im Urlaub ist ein Besuch der dortigen Square-Dance-Clubs dann eine gute Gelegenheit neue Kontakte zu kn\u00fcpfen\u2026<\/p>\n\n\n\n<p class=\"has-text-align-center\">Wer Square Dance in einer Class (Anf\u00e4ngerkurs) erlernen m\u00f6chte,<\/p>\n\n\n\n<p class=\"has-text-align-center\">meldet sich bitte bei den <a href=\"https:\/\/www.dancing-dragonflies.de\/\"  target=\"_blank\" rel=\"external nofollow\"  target=\"_blank\" rel=\"noreferrer noopener\"  class=\"wp-links-icon\">Dancing Dragonflies<\/a>.<\/p>\n\n\n\n<p class=\"has-text-align-right has-black-color has-text-color\">Der Tanzort ist die<\/p>\n\n\n\n<p class=\"has-text-align-right\"><strong>Evangelisch-reformierte Kirchengemeinde<\/strong><\/p>\n\n\n\n<p class=\"has-text-align-right\"><strong>Wolfsburg-Gifhorn-Peine<\/strong><\/p>\n\n\n\n<p class=\"has-text-align-right\"><strong>Sauerbruchstra\u00dfe 10<\/strong><\/p>\n\n\n\n<p class=\"has-text-align-right\"><strong>38440 Wolfsburg<\/strong><\/p>\n\n\n\n<p class=\"has-text-align-right\"><strong>montags um 19.30 Uhr<\/strong><\/p>\n\n\n\n<p><strong>Kontakt<\/strong><\/p>\n\n\n\n<p><strong>Kurt Rosenkranz,<\/strong><br>Virchowstra\u00dfe 8,<br>38118 Braunschweig<br>Tel (0 174) 7 95 84 28<\/p>\n\n\n\n<p><a href=\"https:\/\/www.dancing-dragonflies.de\/\"  target=\"_blank\" rel=\"external nofollow\"  target=\"_blank\" rel=\"noreferrer noopener\"  class=\"wp-links-icon\">www.dancing-dragonflies.de<\/a><br>info@dancing-dragonflies.de<\/p>\n","protected":false},"excerpt":{"rendered":"<p>Tanzen ganz ohne Wettbewerb: Geht das? Die Antwort lautet: JA, mit Square Dance! Square Dance ist Gruppentanz nach Ansage. Miteinander statt Gegeneinander ist das Grundprinzip. Wenn die Ansagen des Callers (Ansagers) im weltweit einheitlichen Baukastenprinzip von allen richtig umgesetzt werden, ist dies ein gemeinsames Erfolgserlebnis. Spa\u00df ist Lohn &amp; Motivation zugleich. Square Dance h\u00e4lt somit [&hellip;]<\/p>\n","protected":false},"author":2,"featured_media":0,"parent":0,"menu_order":0,"comment_status":"closed","ping_status":"closed","template":"","meta":[],"_links":{"self":[{"href":"https:\/\/marktplatz-rabenberg.de\/index.php?rest_route=\/wp\/v2\/pages\/614"}],"collection":[{"href":"https:\/\/marktplatz-rabenberg.de\/index.php?rest_route=\/wp\/v2\/pages"}],"about":[{"href":"https:\/\/marktplatz-rabenberg.de\/index.php?rest_route=\/wp\/v2\/types\/page"}],"author":[{"embeddable":true,"href":"https:\/\/marktplatz-rabenberg.de\/index.php?rest_route=\/wp\/v2\/users\/2"}],"replies":[{"embeddable":true,"href":"https:\/\/marktplatz-rabenberg.de\/index.php?rest_route=%2Fwp%2Fv2%2Fcomments&post=614"}],"version-history":[{"count":4,"href":"https:\/\/marktplatz-rabenberg.de\/index.php?rest_route=\/wp\/v2\/pages\/614\/revisions"}],"predecessor-version":[{"id":626,"href":"https:\/\/marktplatz-rabenberg.de\/index.php?rest_route=\/wp\/v2\/pages\/614\/revisions\/626"}],"wp:attachment":[{"href":"https:\/\/marktplatz-rabenberg.de\/index.php?rest_route=%2Fwp%2Fv2%2Fmedia&parent=614"}],"curies":[{"name":"wp","href":"https:\/\/api.w.org\/{rel}","templated":true}]}}