{"id":62,"date":"2015-04-28T04:19:25","date_gmt":"2015-04-28T02:19:25","guid":{"rendered":"http:\/\/marktplatz-rabenberg.de\/?page_id=62"},"modified":"2015-04-28T04:19:25","modified_gmt":"2015-04-28T02:19:25","slug":"buergerbeteiligung-2","status":"publish","type":"page","link":"https:\/\/marktplatz-rabenberg.de\/?page_id=62","title":{"rendered":"B\u00fcrgerbeteiligung"},"content":{"rendered":"<p>Wir leben in einer parlamentarischen Demokratie, d.h. vorrangig einer indirekten Demokratie. Die Entscheidungen werden letztlich immer in den Parlamenten getroffen, und nicht vom Volk direkt. <a href=\"http:\/\/www.gesetze-im-internet.de\/gg\/art_21.html\"  target=\"_blank\" rel=\"external nofollow\"  target=\"_blank\"  class=\"wp-links-icon\">Artikel 21<\/a> unseres Grundgesetzes bestimmt dazu: &#8222;Die Parteien wirken bei der politischen Willensbildung des Volkes mit.&#8220; In der Praxis zeigt sich aus meiner Sicht klar und deutlich, &#8222;die da oben machen sowieso was sie wollen&#8220;.<\/p>\n<p>Aktuelles Beispiel ist die Verwendung des Gemeindehauses von St. Heinrich als Fl\u00fcchtlingsunterkunft oder die laufende Errichtung der Golfskulptur an der Einm\u00fcndung Burgwall \/ Braunschweiger Stra\u00dfe. Die Einwohner wurden im Vorfeld nicht gefragt.<\/p>\n<p><a href=\"http:\/\/www.gesetze-im-internet.de\/gg\/art_17.html\"  target=\"_blank\" rel=\"external nofollow\"  target=\"_blank\"  class=\"wp-links-icon\">Artikel 17<\/a> unseres Grundgesetzes r\u00e4umt jedoch jedem B\u00fcrger das Petitionsrecht ein. Dieses gilt f\u00fcr jeden B\u00fcrger auf allen Ebenen von Politik &amp; Verwaltung; auch im Ortsrat. In Wolfsburg wird es meist als &#8222;Einwohnerfragestunde&#8220; bezeichnet (Warum&#8230;? Ist es m\u00f6glich&#8230;? etc.pp.) Alle B\u00fcrger sollten davon unbedingt tatkr\u00e4ftiger als bisher Gebrauch machen.<\/p>\n<p>Die Termine der verschiedenen Sitzungen finden sich f\u00fcr Wolfsburg <a href=\"http:\/\/www.wolfsburg.de\/rathaus\/politik\/buergerinformationsportal\"  target=\"_blank\" rel=\"external nofollow\"  target=\"_blank\"  class=\"wp-links-icon\">hier<\/a><a>.<\/a> Dieses Informationsangebot ist allerdings nicht immer ohne Fehler bzw. z.T. unvollst\u00e4ndig. Au\u00dferdem sind die Anlagen der Beschlu\u00dfvorlagen zur Tagesordnung meist nicht der \u00d6ffentlichkeit zug\u00e4nglich. Es fehlt damit die erforderliche Transparenz der \u00f6ffentlichen Verwaltung. F\u00fcr diese F\u00e4lle empfiehlt sich das parallele Studium anderer Informationsquellen, wie z.B. der \u00f6rtlichen Tageszeitungen.<\/p>\n<p>Ein Besuch der (Orts-)Ratssitzungen lohnt sich auf jeden Fall immer f\u00fcr beide Seiten. Der sachliche, l\u00f6sungsorientierte Austausch der Argumente mit den B\u00fcrgern sollte von <span style=\"text-decoration: underline;\">beiderseitigem<\/span> Respekt getragen sein. <span style=\"text-decoration: underline;\">Konstruktive<\/span> Kritik ist hier besonders gefragt. Unser Ortsb\u00fcrgermeister bietet au\u00dferdem eine regelm\u00e4\u00dfige B\u00fcrgersprechstunde an.<\/p>\n<p>Die Stadt Wolfsburg (Politik&amp;Verwaltung) will dar\u00fcberhinaus jetzt im Rahmen eines <a href=\"http:\/\/microsite.stadt.wolfsburg.de\/mitwirkung\/tag\/burgerbeteiligung-wolfsburg\/\"  target=\"_blank\" rel=\"external nofollow\"  target=\"_blank\"  class=\"wp-links-icon\">Pilotprojektes\u00a0 <\/a>auf allen Kommunikationskan\u00e4len aktiv auf die B\u00fcrger zugehen. Ab Anfang 2015 sollte dazu das am 06.10.2014 vom Rat der Stadt Wolfsburg in aller Stille beschlossene Konzept in die Tat umgesetzt werden. Ich bitte darum, dieses Angebot sehr ausgiebig zu nutzen. Hans-Georg Bachmann hat am 18.01.2014 im Rahmen eines gro\u00dfen B\u00fcrgermeetings zu diesem Thema die B\u00fcrger ausdr\u00fccklich zu Besuchen der Sitzungen vom Rat der Stadt, Ortsrat und Aussch\u00fcssen aufgefordert. Nicht\u00f6ffentliche Sitzungen <span style=\"text-decoration: underline;\">sollten<\/span> damit der Vergangenheit angeh\u00f6ren&#8230;.<\/p>\n<p>Interessante Zusatzinformationen zu direkter Demokratie finden sich bei <a href=\"http:\/\/www.omnibus.org\/\"  target=\"_blank\" rel=\"external nofollow\"  target=\"_blank\"  class=\"wp-links-icon\">Omnibus <\/a>und <a href=\"http:\/\/www.mehr-demokratie.de\/\"  target=\"_blank\" rel=\"external nofollow\"  target=\"_blank\"  class=\"wp-links-icon\">Mehr Demokratie<\/a><a>.<\/a><\/p>\n","protected":false},"excerpt":{"rendered":"<p>Wir leben in einer parlamentarischen Demokratie, d.h. vorrangig einer indirekten Demokratie. Die Entscheidungen werden letztlich immer in den Parlamenten getroffen, und nicht vom Volk direkt. Artikel 21 unseres Grundgesetzes bestimmt dazu: &#8222;Die Parteien wirken bei der politischen Willensbildung des Volkes mit.&#8220; In der Praxis zeigt sich aus meiner Sicht klar und deutlich, &#8222;die da oben [&hellip;]<\/p>\n","protected":false},"author":2,"featured_media":0,"parent":0,"menu_order":0,"comment_status":"closed","ping_status":"closed","template":"","meta":[],"_links":{"self":[{"href":"https:\/\/marktplatz-rabenberg.de\/index.php?rest_route=\/wp\/v2\/pages\/62"}],"collection":[{"href":"https:\/\/marktplatz-rabenberg.de\/index.php?rest_route=\/wp\/v2\/pages"}],"about":[{"href":"https:\/\/marktplatz-rabenberg.de\/index.php?rest_route=\/wp\/v2\/types\/page"}],"author":[{"embeddable":true,"href":"https:\/\/marktplatz-rabenberg.de\/index.php?rest_route=\/wp\/v2\/users\/2"}],"replies":[{"embeddable":true,"href":"https:\/\/marktplatz-rabenberg.de\/index.php?rest_route=%2Fwp%2Fv2%2Fcomments&post=62"}],"version-history":[{"count":1,"href":"https:\/\/marktplatz-rabenberg.de\/index.php?rest_route=\/wp\/v2\/pages\/62\/revisions"}],"predecessor-version":[{"id":64,"href":"https:\/\/marktplatz-rabenberg.de\/index.php?rest_route=\/wp\/v2\/pages\/62\/revisions\/64"}],"wp:attachment":[{"href":"https:\/\/marktplatz-rabenberg.de\/index.php?rest_route=%2Fwp%2Fv2%2Fmedia&parent=62"}],"curies":[{"name":"wp","href":"https:\/\/api.w.org\/{rel}","templated":true}]}}