{"id":69,"date":"2015-05-04T14:37:42","date_gmt":"2015-05-04T12:37:42","guid":{"rendered":"http:\/\/marktplatz-rabenberg.de\/?page_id=69"},"modified":"2018-05-25T16:51:26","modified_gmt":"2018-05-25T14:51:26","slug":"impressum","status":"publish","type":"page","link":"https:\/\/marktplatz-rabenberg.de\/?page_id=69","title":{"rendered":"Impressum"},"content":{"rendered":"<p><a href=\"http:\/\/www.ehrlichs-edv.de\"  target=\"_blank\" rel=\"external nofollow\"  target=\"_blank\"  class=\"wp-links-icon\">Wolfgang Ehrlich<\/a><\/p>\n<p>Burgwall 3<\/p>\n<p>38444 Wolfsburg OT Rabenberg<\/p>\n<p>info(at)marktplatz-rabenberg.de<\/p>\n<p>Tel (01 60) 1 01 60 99<\/p>\n<p lang=\"zxx\" align=\"justify\">Datenschutz nehme ich sehr ernst. Zwingend notwendige Daten werden nur zu internen Zwecken verwendet. Eine Weitergabe erfolgt nicht, ausgenommen auf beh\u00f6rdlich bzw. richterlich zul\u00e4ssige Anweisung. Diese Sorgfalt erwarte ich auch im Umgang mit meinen eigenen Kontaktdaten durch Dritte. Arbeiten wir zusammen an einem gemeinschaftlichen Datenschutz-Bewu\u00dftsein! Entsprechend sorgf\u00e4ltig sind auch diese Webseiten erstellt.<\/p>\n<p>Sollte ein Besucher trotzdem Einw\u00e4nde gleich welcher Art haben, ist dieser hiermit ausdr\u00fccklich eingeladen, diese auf direktem Wege selbst schriftlich vorzubringen und zu begr\u00fcnden. Nachvollziehbare \u00c4nderungsw\u00fcnsche k\u00f6nnen dann selbstverst\u00e4ndlich ber\u00fccksichtigt werden.<\/p>\n<p>F\u00fcr den Inhalt aller auf dieser Homepage verlinkten Seiten ist der jeweilige Domain-Inhaber verantwortlich.<\/p>\n","protected":false},"excerpt":{"rendered":"<p>Wolfgang Ehrlich Burgwall 3 38444 Wolfsburg OT Rabenberg info(at)marktplatz-rabenberg.de Tel (01 60) 1 01 60 99 Datenschutz nehme ich sehr ernst. Zwingend notwendige Daten werden nur zu internen Zwecken verwendet. Eine Weitergabe erfolgt nicht, ausgenommen auf beh\u00f6rdlich bzw. richterlich zul\u00e4ssige Anweisung. Diese Sorgfalt erwarte ich auch im Umgang mit meinen eigenen Kontaktdaten durch Dritte. Arbeiten [&hellip;]<\/p>\n","protected":false},"author":2,"featured_media":0,"parent":0,"menu_order":0,"comment_status":"closed","ping_status":"closed","template":"","meta":[],"_links":{"self":[{"href":"https:\/\/marktplatz-rabenberg.de\/index.php?rest_route=\/wp\/v2\/pages\/69"}],"collection":[{"href":"https:\/\/marktplatz-rabenberg.de\/index.php?rest_route=\/wp\/v2\/pages"}],"about":[{"href":"https:\/\/marktplatz-rabenberg.de\/index.php?rest_route=\/wp\/v2\/types\/page"}],"author":[{"embeddable":true,"href":"https:\/\/marktplatz-rabenberg.de\/index.php?rest_route=\/wp\/v2\/users\/2"}],"replies":[{"embeddable":true,"href":"https:\/\/marktplatz-rabenberg.de\/index.php?rest_route=%2Fwp%2Fv2%2Fcomments&post=69"}],"version-history":[{"count":7,"href":"https:\/\/marktplatz-rabenberg.de\/index.php?rest_route=\/wp\/v2\/pages\/69\/revisions"}],"predecessor-version":[{"id":374,"href":"https:\/\/marktplatz-rabenberg.de\/index.php?rest_route=\/wp\/v2\/pages\/69\/revisions\/374"}],"wp:attachment":[{"href":"https:\/\/marktplatz-rabenberg.de\/index.php?rest_route=%2Fwp%2Fv2%2Fmedia&parent=69"}],"curies":[{"name":"wp","href":"https:\/\/api.w.org\/{rel}","templated":true}]}}