{"id":72,"date":"2015-05-04T15:33:54","date_gmt":"2015-05-04T13:33:54","guid":{"rendered":"http:\/\/marktplatz-rabenberg.de\/?page_id=72"},"modified":"2017-11-30T18:53:33","modified_gmt":"2017-11-30T16:53:33","slug":"postfiliale","status":"publish","type":"page","link":"https:\/\/marktplatz-rabenberg.de\/?page_id=72","title":{"rendered":"Postfiliale"},"content":{"rendered":"<p><a href=\"http:\/\/standorte.deutschepost.de\/LocationDetail?template=locationdetail&amp;ts=1430743395686&amp;objecttype=branch&amp;standorttyp=filialen_verkaufspunkte&amp;objectid=4110358&amp;lang=de&amp;postleitzahl=38444&amp;ort=Wolfsburg&amp;strasse=&amp;hausnummer=&amp;streetid=0#section_leistungen_down\"  target=\"_blank\" rel=\"external nofollow\"  target=\"_blank\"  class=\"wp-links-icon\">Unsere Postfili<\/a><a href=\"http:\/\/marktplatz-rabenberg.de\/wp-content\/uploads\/Postfiliale.jpg\"  ><img decoding=\"async\" loading=\"lazy\" class=\" size-medium wp-image-76 alignright\" src=\"http:\/\/marktplatz-rabenberg.de\/wp-content\/uploads\/Postfiliale-225x300.jpg\" alt=\"Postfiliale\" width=\"225\" height=\"300\" srcset=\"https:\/\/marktplatz-rabenberg.de\/wp-content\/uploads\/Postfiliale-225x300.jpg 225w, https:\/\/marktplatz-rabenberg.de\/wp-content\/uploads\/Postfiliale.jpg 386w\" sizes=\"(max-width: 225px) 100vw, 225px\" \/><\/a><a href=\"http:\/\/standorte.deutschepost.de\/LocationDetail?template=locationdetail&amp;ts=1430743395686&amp;objecttype=branch&amp;standorttyp=filialen_verkaufspunkte&amp;objectid=4110358&amp;lang=de&amp;postleitzahl=38444&amp;ort=Wolfsburg&amp;strasse=&amp;hausnummer=&amp;streetid=0#section_leistungen_down\"  target=\"_blank\" rel=\"external nofollow\"  target=\"_blank\"  class=\"wp-links-icon\">ale<\/a> mit Postbasisleistungen finden Sie unter der Adresse<\/p>\n<p>Burgwall\u00a013<br \/>\n38444\u00a0Wolfsburg<\/p>\n<p>Konkret werden hier angeboten:<\/p>\n<ul>\n<li>Basisangebot an Postdienstleistungen inklusive Zusatzleistungen, z. B. Nachnahme<\/li>\n<li>Annahme von Briefen, P\u00e4ckchen und Paketen<\/li>\n<li>Annahme von DHL Express National<\/li>\n<\/ul>\n<p>Die \u00d6ffnungszeiten sind<\/p>\n<table>\n<tbody>\n<tr>\n<td>Montag<\/td>\n<td>von 10.00 bis 12.00 Uhr<\/td>\n<\/tr>\n<tr>\n<td>Dienstag<\/td>\n<td>von 15.00 bis 17.00 Uhr<\/td>\n<\/tr>\n<tr>\n<td>Mittwoch<\/td>\n<td>von 10.00 bis 12.00 Uhr<\/td>\n<\/tr>\n<tr>\n<td>Donnerstag<\/td>\n<td>von 15.00 bis 17.0\u00df0 Uhr<\/td>\n<\/tr>\n<tr>\n<td>Freitag<\/td>\n<td>von 10.00 bis 12.00 Uhr<\/td>\n<\/tr>\n<tr>\n<td>Samstag<\/td>\n<td>von 10.00 bis 12.00 Uhr<\/td>\n<\/tr>\n<\/tbody>\n<\/table>\n<p>Diese Filiale ist zwar klein, stellt aber vor Ort wichtige Postdienstleistungen im Rahmen des Grundversorgungsauftrages zur Verf\u00fcgung. Hier bekommen Sie z.B. auch Briefmarken f\u00fcr B\u00fcchersendungen, die in gr\u00f6\u00dferen Filialen u.U. nicht verf\u00fcgbar sind.<\/p>\n<p>Als besonderem Dienst am Kunden werden von der Filialleiterin Frau Annemarie Lupinacci zus\u00e4tzlich Briefumschl\u00e4ge verkauft.<\/p>\n","protected":false},"excerpt":{"rendered":"<p>Unsere Postfiliale mit Postbasisleistungen finden Sie unter der Adresse Burgwall\u00a013 38444\u00a0Wolfsburg Konkret werden hier angeboten: Basisangebot an Postdienstleistungen inklusive Zusatzleistungen, z. B. Nachnahme Annahme von Briefen, P\u00e4ckchen und Paketen Annahme von DHL Express National Die \u00d6ffnungszeiten sind Montag von 10.00 bis 12.00 Uhr Dienstag von 15.00 bis 17.00 Uhr Mittwoch von 10.00 bis 12.00 Uhr [&hellip;]<\/p>\n","protected":false},"author":2,"featured_media":0,"parent":80,"menu_order":0,"comment_status":"closed","ping_status":"closed","template":"","meta":[],"_links":{"self":[{"href":"https:\/\/marktplatz-rabenberg.de\/index.php?rest_route=\/wp\/v2\/pages\/72"}],"collection":[{"href":"https:\/\/marktplatz-rabenberg.de\/index.php?rest_route=\/wp\/v2\/pages"}],"about":[{"href":"https:\/\/marktplatz-rabenberg.de\/index.php?rest_route=\/wp\/v2\/types\/page"}],"author":[{"embeddable":true,"href":"https:\/\/marktplatz-rabenberg.de\/index.php?rest_route=\/wp\/v2\/users\/2"}],"replies":[{"embeddable":true,"href":"https:\/\/marktplatz-rabenberg.de\/index.php?rest_route=%2Fwp%2Fv2%2Fcomments&post=72"}],"version-history":[{"count":3,"href":"https:\/\/marktplatz-rabenberg.de\/index.php?rest_route=\/wp\/v2\/pages\/72\/revisions"}],"predecessor-version":[{"id":77,"href":"https:\/\/marktplatz-rabenberg.de\/index.php?rest_route=\/wp\/v2\/pages\/72\/revisions\/77"}],"up":[{"embeddable":true,"href":"https:\/\/marktplatz-rabenberg.de\/index.php?rest_route=\/wp\/v2\/pages\/80"}],"wp:attachment":[{"href":"https:\/\/marktplatz-rabenberg.de\/index.php?rest_route=%2Fwp%2Fv2%2Fmedia&parent=72"}],"curies":[{"name":"wp","href":"https:\/\/api.w.org\/{rel}","templated":true}]}}